{"id":980,"date":"2021-07-23T12:47:34","date_gmt":"2021-07-23T12:47:34","guid":{"rendered":"https:\/\/axd.f94.myftpupload.com\/?page_id=980"},"modified":"2021-07-30T08:51:31","modified_gmt":"2021-07-30T08:51:31","slug":"the-university-hospital-of-caen-and-revert","status":"publish","type":"page","link":"https:\/\/revertproject.org\/fr\/the-university-hospital-of-caen-and-revert\/","title":{"rendered":"Le Centre Hospitalier Universitaire de Caen et REVERT"},"content":{"rendered":"<p>Le\u00a0<a href=\"https:\/\/www.chu-caen.fr\/neurochirurgie.html\" target=\"_blank\" rel=\"noreferrer noopener\">service de neurochirurgie du CHU de Caen<\/a>\u00a0assure la prise en charge de toutes les pathologies neurochirurgicales cr\u00e2niennes et spinales de l'ensemble de la r\u00e9gion Basse-Normandie et des zones g\u00e9ographiques environnantes. L'\u00e9quipe s'engage \u00e0 offrir \u00e0 la population des soins de qualit\u00e9 et des standards actualis\u00e9s des techniques les plus modernes. Le service dispose de 50 lits d'hospitalisation. <\/p>\n\n\n\n<p>Le service de neurochirurgie est affili\u00e9 \u00e0 l'Universit\u00e9 de Caen Basse-Normandie et propose un programme de formation postuniversitaire en neurochirurgie \u00e9labor\u00e9 sur la base des normes europ\u00e9ennes en partenariat avec l'un des plus grands centres de recherche en neurosciences de France, Cyceron.<\/p>","protected":false},"excerpt":{"rendered":"<p>The\u00a0Neurosurgery Department of CHU Caen\u00a0provides care for all cranial and spinal neurosurgical pathologies of the entire Lower Normandy region and the surrounding geographical areas. The team is committed to providing the population with quality care and up-to-date standards of the most modern techniques. The Department has 50 hospital beds. The Neurosurgery Department is affiliated with [&hellip;]<\/p>\n","protected":false},"author":5,"featured_media":0,"parent":0,"menu_order":0,"comment_status":"closed","ping_status":"closed","template":"","meta":{"_coblocks_attr":"","_coblocks_dimensions":"","_coblocks_responsive_height":"","_coblocks_accordion_ie_support":"","site-sidebar-layout":"default","site-content-layout":"","ast-site-content-layout":"default","site-content-style":"default","site-sidebar-style":"default","ast-global-header-display":"","ast-banner-title-visibility":"","ast-main-header-display":"","ast-hfb-above-header-display":"","ast-hfb-below-header-display":"","ast-hfb-mobile-header-display":"","site-post-title":"","ast-breadcrumbs-content":"","ast-featured-img":"","footer-sml-layout":"","ast-disable-related-posts":"","theme-transparent-header-meta":"","adv-header-id-meta":"","stick-header-meta":"","header-above-stick-meta":"","header-main-stick-meta":"","header-below-stick-meta":"","astra-migrate-meta-layouts":"default","ast-page-background-enabled":"default","ast-page-background-meta":{"desktop":{"background-color":"var(--ast-global-color-4)","background-image":"","background-repeat":"repeat","background-position":"center center","background-size":"auto","background-attachment":"scroll","background-type":"","background-media":"","overlay-type":"","overlay-color":"","overlay-opacity":"","overlay-gradient":""},"tablet":{"background-color":"","background-image":"","background-repeat":"repeat","background-position":"center center","background-size":"auto","background-attachment":"scroll","background-type":"","background-media":"","overlay-type":"","overlay-color":"","overlay-opacity":"","overlay-gradient":""},"mobile":{"background-color":"","background-image":"","background-repeat":"repeat","background-position":"center center","background-size":"auto","background-attachment":"scroll","background-type":"","background-media":"","overlay-type":"","overlay-color":"","overlay-opacity":"","overlay-gradient":""}},"ast-content-background-meta":{"desktop":{"background-color":"var(--ast-global-color-5)","background-image":"","background-repeat":"repeat","background-position":"center center","background-size":"auto","background-attachment":"scroll","background-type":"","background-media":"","overlay-type":"","overlay-color":"","overlay-opacity":"","overlay-gradient":""},"tablet":{"background-color":"var(--ast-global-color-5)","background-image":"","background-repeat":"repeat","background-position":"center center","background-size":"auto","background-attachment":"scroll","background-type":"","background-media":"","overlay-type":"","overlay-color":"","overlay-opacity":"","overlay-gradient":""},"mobile":{"background-color":"var(--ast-global-color-5)","background-image":"","background-repeat":"repeat","background-position":"center center","background-size":"auto","background-attachment":"scroll","background-type":"","background-media":"","overlay-type":"","overlay-color":"","overlay-opacity":"","overlay-gradient":""}},"footnotes":""},"class_list":["post-980","page","type-page","status-publish","hentry"],"aioseo_notices":[],"_links":{"self":[{"href":"https:\/\/revertproject.org\/fr\/wp-json\/wp\/v2\/pages\/980","targetHints":{"allow":["GET"]}}],"collection":[{"href":"https:\/\/revertproject.org\/fr\/wp-json\/wp\/v2\/pages"}],"about":[{"href":"https:\/\/revertproject.org\/fr\/wp-json\/wp\/v2\/types\/page"}],"author":[{"embeddable":true,"href":"https:\/\/revertproject.org\/fr\/wp-json\/wp\/v2\/users\/5"}],"replies":[{"embeddable":true,"href":"https:\/\/revertproject.org\/fr\/wp-json\/wp\/v2\/comments?post=980"}],"version-history":[{"count":0,"href":"https:\/\/revertproject.org\/fr\/wp-json\/wp\/v2\/pages\/980\/revisions"}],"wp:attachment":[{"href":"https:\/\/revertproject.org\/fr\/wp-json\/wp\/v2\/media?parent=980"}],"curies":[{"name":"wp","href":"https:\/\/api.w.org\/{rel}","templated":true}]}}