{"id":978,"date":"2021-07-23T11:56:12","date_gmt":"2021-07-23T11:56:12","guid":{"rendered":"https:\/\/axd.f94.myftpupload.com\/?page_id=978"},"modified":"2021-07-23T11:56:12","modified_gmt":"2021-07-23T11:56:12","slug":"the-university-hospital-of-brest-and-revert","status":"publish","type":"page","link":"https:\/\/revertproject.org\/fr\/the-university-hospital-of-brest-and-revert\/","title":{"rendered":"Le Centre Hospitalier Universitaire de Brest et REVERT"},"content":{"rendered":"<p>Le service de neurochirurgie du CHU de Brest est charg\u00e9 de la prise en charge des pathologies neurochirurgicales cr\u00e2niennes et rachidiennes, notamment l'hydroc\u00e9phalie, pour la partie bretonne. Le&nbsp;<a rel=\"noreferrer noopener\" href=\"https:\/\/www.chu-brest.fr\/fr\/notre-offre-soins\/nos-specialites\/chirurgie\/neurochirurgie\" target=\"_blank\">Service<\/a>&nbsp;compte 42 lits et 8 lits de soins intensifs. L'unit\u00e9 de neuroradiologie dispose d'une IRM et d'une \u00e9quipe de neuroradiologues qui r\u00e9alisent et&nbsp;<a rel=\"noreferrer noopener\" href=\"https:\/\/www.chu-brest.fr\/fr\/notre-offre-soins\/nos-specialites\/imagerie-medicale\/radiologie\" target=\"_blank\">analyseront les examens IRM pour ce projet<\/a>. <\/p>\n\n\n\n<p>Le r\u00f4le principal du CHU de Brest sera de mettre en \u0153uvre les proc\u00e9dures de diagnostic de la pression et du d\u00e9bit dans la clinique d'hydroc\u00e9phalie et de recruter des patients pour cette \u00e9tude, ainsi que de pr\u00eater leur exp\u00e9rience clinique \u00e0 la partie recherche et d\u00e9veloppement du projet.<\/p>\n\n\n\n<p>Le professeur Romuald Seizeur, chef du service de neurochirurgie de Brest, d\u00e9clare :\u00a0<\/p>\n\n\n\n<blockquote class=\"wp-block-quote is-layout-flow wp-block-quote-is-layout-flow\"><p>&#8220;<em>Le projet REVERT est une v\u00e9ritable opportunit\u00e9 d\u2019am\u00e9lioration de la prise en charge des patients pr\u00e9sentant une hydroc\u00e9phalie par une meilleure connaissance de la physiopathologie de la circulation et de la pression du liquid c\u00e9r\u00e9bro-spinal<\/em>.&#8221;<\/p><\/blockquote>","protected":false},"excerpt":{"rendered":"<p>The Neurosurgery Department of CHU Brest manages and cares for cranial and spinal neurosurgical pathologies, especially hydrocephalus, for the region of Brittany. The&nbsp;Department&nbsp;has 42 beds and 8 intensive care beds. The Neuroradiology Unit has MRI and a team of neuroradiologists who will perform and&nbsp;analyse the MRI examinations for this project. The main role of CHU [&hellip;]<\/p>\n","protected":false},"author":5,"featured_media":0,"parent":0,"menu_order":0,"comment_status":"closed","ping_status":"closed","template":"","meta":{"_coblocks_attr":"","_coblocks_dimensions":"","_coblocks_responsive_height":"","_coblocks_accordion_ie_support":"","site-sidebar-layout":"default","site-content-layout":"","ast-site-content-layout":"default","site-content-style":"default","site-sidebar-style":"default","ast-global-header-display":"","ast-banner-title-visibility":"","ast-main-header-display":"","ast-hfb-above-header-display":"","ast-hfb-below-header-display":"","ast-hfb-mobile-header-display":"","site-post-title":"","ast-breadcrumbs-content":"","ast-featured-img":"","footer-sml-layout":"","ast-disable-related-posts":"","theme-transparent-header-meta":"","adv-header-id-meta":"","stick-header-meta":"","header-above-stick-meta":"","header-main-stick-meta":"","header-below-stick-meta":"","astra-migrate-meta-layouts":"default","ast-page-background-enabled":"default","ast-page-background-meta":{"desktop":{"background-color":"var(--ast-global-color-4)","background-image":"","background-repeat":"repeat","background-position":"center center","background-size":"auto","background-attachment":"scroll","background-type":"","background-media":"","overlay-type":"","overlay-color":"","overlay-opacity":"","overlay-gradient":""},"tablet":{"background-color":"","background-image":"","background-repeat":"repeat","background-position":"center center","background-size":"auto","background-attachment":"scroll","background-type":"","background-media":"","overlay-type":"","overlay-color":"","overlay-opacity":"","overlay-gradient":""},"mobile":{"background-color":"","background-image":"","background-repeat":"repeat","background-position":"center center","background-size":"auto","background-attachment":"scroll","background-type":"","background-media":"","overlay-type":"","overlay-color":"","overlay-opacity":"","overlay-gradient":""}},"ast-content-background-meta":{"desktop":{"background-color":"var(--ast-global-color-5)","background-image":"","background-repeat":"repeat","background-position":"center center","background-size":"auto","background-attachment":"scroll","background-type":"","background-media":"","overlay-type":"","overlay-color":"","overlay-opacity":"","overlay-gradient":""},"tablet":{"background-color":"var(--ast-global-color-5)","background-image":"","background-repeat":"repeat","background-position":"center center","background-size":"auto","background-attachment":"scroll","background-type":"","background-media":"","overlay-type":"","overlay-color":"","overlay-opacity":"","overlay-gradient":""},"mobile":{"background-color":"var(--ast-global-color-5)","background-image":"","background-repeat":"repeat","background-position":"center center","background-size":"auto","background-attachment":"scroll","background-type":"","background-media":"","overlay-type":"","overlay-color":"","overlay-opacity":"","overlay-gradient":""}},"footnotes":""},"class_list":["post-978","page","type-page","status-publish","hentry"],"aioseo_notices":[],"_links":{"self":[{"href":"https:\/\/revertproject.org\/fr\/wp-json\/wp\/v2\/pages\/978","targetHints":{"allow":["GET"]}}],"collection":[{"href":"https:\/\/revertproject.org\/fr\/wp-json\/wp\/v2\/pages"}],"about":[{"href":"https:\/\/revertproject.org\/fr\/wp-json\/wp\/v2\/types\/page"}],"author":[{"embeddable":true,"href":"https:\/\/revertproject.org\/fr\/wp-json\/wp\/v2\/users\/5"}],"replies":[{"embeddable":true,"href":"https:\/\/revertproject.org\/fr\/wp-json\/wp\/v2\/comments?post=978"}],"version-history":[{"count":0,"href":"https:\/\/revertproject.org\/fr\/wp-json\/wp\/v2\/pages\/978\/revisions"}],"wp:attachment":[{"href":"https:\/\/revertproject.org\/fr\/wp-json\/wp\/v2\/media?parent=978"}],"curies":[{"name":"wp","href":"https:\/\/api.w.org\/{rel}","templated":true}]}}