{"id":976,"date":"2021-07-23T13:04:53","date_gmt":"2021-07-23T13:04:53","guid":{"rendered":"https:\/\/axd.f94.myftpupload.com\/?page_id=976"},"modified":"2021-07-23T13:04:53","modified_gmt":"2021-07-23T13:04:53","slug":"university-hospital-of-amiens-and-revert","status":"publish","type":"page","link":"https:\/\/revertproject.org\/fr\/university-hospital-of-amiens-and-revert\/","title":{"rendered":"Le Centre Hospitalier Universitaire d'Amiens-Picardie et REVERT"},"content":{"rendered":"<p>Le CHU d'Amiens est l'un des deux \u00e9tablissements publics de sant\u00e9 universitaires et un centre tertiaire de la r\u00e9gion Hauts-de-France. Les \u00e9quipes de biophysiciens, neurochirurgiens et radiologues ont une exp\u00e9rience internationalement reconnue dans la prise en charge de l'hydroc\u00e9phalie. Environ 200 patients par an sont vus en consultation neurochirurgicale pour une suspicion de NPH. 50 % de ces patients pr\u00e9sentent un tableau clinico-radiologique compatible avec une NPH. Un \u00e0 deux patients par semaine b\u00e9n\u00e9ficient d'une hospitalisation d'un jour pour effectuer le bilan diagnostique. <\/p>\n\n\n\n<p>Une s\u00e9ance hebdomadaire d'IRM sp\u00e9cialement d\u00e9di\u00e9e aux probl\u00e8mes de dynamique cranio-spinale existe depuis plusieurs ann\u00e9es. Le service de traitement des images m\u00e9dicales d\u00e9veloppe en interne ses propres solutions logicielles pour le traitement des IRM de flux. Ces logiciels sont utilis\u00e9s dans plusieurs centres internationaux. <\/p>\n\n\n\n<p>Le r\u00f4le principal du CHU d'Amiens au cadre de REVERT est ax\u00e9 sur la mise en \u0153uvre du diagnostic de l'hydroc\u00e9phalie par IRM en contraste de phase dans les autres h\u00f4pitaux du partenariat, y compris l'enseignement et la formation, le recrutement de patients pour subir les deux tests de diagnostic (flux et pression), ainsi que le d\u00e9veloppement de nouveaux logiciels pour l'analyse et le couplage de la pression intracr\u00e2nienne et des flux.<\/p>\n\n\n\n<p>Le Dr Cyrille Capel, neurochirurgien \u00e0 Amiens, d\u00e9clare : <\/p>\n\n\n\n<blockquote class=\"wp-block-quote is-layout-flow wp-block-quote-is-layout-flow\"><p>&#8220;<em>Etant clinicien, le projet REVERT est ce que nous attendions dans la prise en charge des patients pr\u00e9sentant une hydroc\u00e9phalie. Actuellement, le diagnostic repose sur des faits non consensuels. Le projet REVERT est l'occasion de fusionner les comp\u00e9tences et expertises dans le but de rendre objectif nos pressentiments. Diagnostiquer pour mieux traiter...<\/em>&#8220;<\/p><\/blockquote>","protected":false},"excerpt":{"rendered":"<p>The University Hospital of Amiens is the one of the two public university health establishments and a tertiary centre of the region Hauts-de-France. The teams of biophysicists, neurosurgeons and radiologists have internationally recognised experience in the management of hydrocephalus. Approximately 200 patients per year are seen in neurosurgical consultation for suspected NPH. 50% of these [&hellip;]<\/p>\n","protected":false},"author":5,"featured_media":0,"parent":0,"menu_order":0,"comment_status":"closed","ping_status":"closed","template":"","meta":{"_coblocks_attr":"","_coblocks_dimensions":"","_coblocks_responsive_height":"","_coblocks_accordion_ie_support":"","site-sidebar-layout":"default","site-content-layout":"","ast-site-content-layout":"default","site-content-style":"default","site-sidebar-style":"default","ast-global-header-display":"","ast-banner-title-visibility":"","ast-main-header-display":"","ast-hfb-above-header-display":"","ast-hfb-below-header-display":"","ast-hfb-mobile-header-display":"","site-post-title":"","ast-breadcrumbs-content":"","ast-featured-img":"","footer-sml-layout":"","ast-disable-related-posts":"","theme-transparent-header-meta":"","adv-header-id-meta":"","stick-header-meta":"","header-above-stick-meta":"","header-main-stick-meta":"","header-below-stick-meta":"","astra-migrate-meta-layouts":"default","ast-page-background-enabled":"default","ast-page-background-meta":{"desktop":{"background-color":"var(--ast-global-color-4)","background-image":"","background-repeat":"repeat","background-position":"center center","background-size":"auto","background-attachment":"scroll","background-type":"","background-media":"","overlay-type":"","overlay-color":"","overlay-opacity":"","overlay-gradient":""},"tablet":{"background-color":"","background-image":"","background-repeat":"repeat","background-position":"center center","background-size":"auto","background-attachment":"scroll","background-type":"","background-media":"","overlay-type":"","overlay-color":"","overlay-opacity":"","overlay-gradient":""},"mobile":{"background-color":"","background-image":"","background-repeat":"repeat","background-position":"center center","background-size":"auto","background-attachment":"scroll","background-type":"","background-media":"","overlay-type":"","overlay-color":"","overlay-opacity":"","overlay-gradient":""}},"ast-content-background-meta":{"desktop":{"background-color":"var(--ast-global-color-5)","background-image":"","background-repeat":"repeat","background-position":"center center","background-size":"auto","background-attachment":"scroll","background-type":"","background-media":"","overlay-type":"","overlay-color":"","overlay-opacity":"","overlay-gradient":""},"tablet":{"background-color":"var(--ast-global-color-5)","background-image":"","background-repeat":"repeat","background-position":"center center","background-size":"auto","background-attachment":"scroll","background-type":"","background-media":"","overlay-type":"","overlay-color":"","overlay-opacity":"","overlay-gradient":""},"mobile":{"background-color":"var(--ast-global-color-5)","background-image":"","background-repeat":"repeat","background-position":"center center","background-size":"auto","background-attachment":"scroll","background-type":"","background-media":"","overlay-type":"","overlay-color":"","overlay-opacity":"","overlay-gradient":""}},"footnotes":""},"class_list":["post-976","page","type-page","status-publish","hentry"],"aioseo_notices":[],"_links":{"self":[{"href":"https:\/\/revertproject.org\/fr\/wp-json\/wp\/v2\/pages\/976","targetHints":{"allow":["GET"]}}],"collection":[{"href":"https:\/\/revertproject.org\/fr\/wp-json\/wp\/v2\/pages"}],"about":[{"href":"https:\/\/revertproject.org\/fr\/wp-json\/wp\/v2\/types\/page"}],"author":[{"embeddable":true,"href":"https:\/\/revertproject.org\/fr\/wp-json\/wp\/v2\/users\/5"}],"replies":[{"embeddable":true,"href":"https:\/\/revertproject.org\/fr\/wp-json\/wp\/v2\/comments?post=976"}],"version-history":[{"count":0,"href":"https:\/\/revertproject.org\/fr\/wp-json\/wp\/v2\/pages\/976\/revisions"}],"wp:attachment":[{"href":"https:\/\/revertproject.org\/fr\/wp-json\/wp\/v2\/media?parent=976"}],"curies":[{"name":"wp","href":"https:\/\/api.w.org\/{rel}","templated":true}]}}