{"id":974,"date":"2021-07-23T11:57:51","date_gmt":"2021-07-23T11:57:51","guid":{"rendered":"https:\/\/axd.f94.myftpupload.com\/?page_id=974"},"modified":"2021-08-17T08:55:05","modified_gmt":"2021-08-17T08:55:05","slug":"obex-technologies-ltd-and-revert","status":"publish","type":"page","link":"https:\/\/revertproject.org\/fr\/obex-technologies-ltd-and-revert\/","title":{"rendered":"Obex Technologies Ltd et REVERT"},"content":{"rendered":"<div data-elementor-type=\"wp-page\" data-elementor-id=\"974\" class=\"elementor elementor-974\" data-elementor-post-type=\"page\">\n\t\t\t\t\t\t<section class=\"elementor-section elementor-top-section elementor-element elementor-element-9aacff5 elementor-section-boxed elementor-section-height-default elementor-section-height-default\" data-id=\"9aacff5\" data-element_type=\"section\" data-e-type=\"section\">\n\t\t\t\t\t\t<div class=\"elementor-container elementor-column-gap-default\">\n\t\t\t\t\t<div class=\"elementor-column elementor-col-100 elementor-top-column elementor-element elementor-element-2a13bf76\" data-id=\"2a13bf76\" data-element_type=\"column\" data-e-type=\"column\">\n\t\t\t<div class=\"elementor-widget-wrap elementor-element-populated\">\n\t\t\t\t\t\t<div class=\"elementor-element elementor-element-16317d9b elementor-widget elementor-widget-text-editor\" data-id=\"16317d9b\" data-element_type=\"widget\" data-e-type=\"widget\" data-widget_type=\"text-editor.default\">\n\t\t\t\t<div class=\"elementor-widget-container\">\n\t\t\t\t\t\t\t\t\t<p><\/p>\n<p><a href=\"https:\/\/www.obextech.com\">Obex Technologies Ltd<\/a> est une soci\u00e9t\u00e9 de logiciels m\u00e9dicaux bas\u00e9e \u00e0 Cambridge, au Royaume-Uni, qui a fait ses preuves dans le d\u00e9veloppement de bases de donn\u00e9es s\u00e9curis\u00e9es et d'ensembles de donn\u00e9es complexes pour la surveillance \u00e0 long terme des maladies neurologiques chez plusieurs prestataires de soins de sant\u00e9. En 2012, Obex a mis en place une plateforme de soins de sant\u00e9 bas\u00e9e sur le cloud (Orion), qui g\u00e8re aujourd'hui sept registres nationaux britanniques et comprend un syst\u00e8me de r\u00e9f\u00e9rence en ligne pour la communication entre les prestataires hospitaliers.<\/p>\n<p><\/p>\n<p><\/p>\n<p>Orion a \u00e9galement \u00e9t\u00e9 utilis\u00e9 pour soutenir des \u00e9tudes de recherche au Royaume-Uni et \u00e0 l'\u00e9tranger. Actuellement, plus de 80 h\u00f4pitaux britanniques participent au r\u00e9seau Orion, avec les donn\u00e9es de plus de 140 000 patients et environ 2500 utilisateurs actifs.<\/p>\n<p><\/p>\n<p><\/p>\n<p>Sp\u00e9cifiquement pour REVERT, Orion h\u00e9berge le registre britannique des shunts, qui sera utilis\u00e9 comme point de d\u00e9part pour d\u00e9velopper une plateforme de gestion de l\u2019hydroc\u00e9phalie plus compl\u00e8te pour soutenir les patients atteints de NPH. Dans le cadre du projet, Obex dirige le groupe de travail sur l'informatique clinique, y compris le d\u00e9veloppement de la plateforme de gestion de l'hydroc\u00e9phalie et tous les protocoles de s\u00e9curit\u00e9 et de gouvernance des donn\u00e9es qui y sont associ\u00e9s.<\/p>\n<p><\/p>\t\t\t\t\t\t\t\t<\/div>\n\t\t\t\t<\/div>\n\t\t\t\t\t<\/div>\n\t\t<\/div>\n\t\t\t\t\t<\/div>\n\t\t<\/section>\n\t\t\t\t<section class=\"elementor-section elementor-top-section elementor-element elementor-element-3add3b4 elementor-section-boxed elementor-section-height-default elementor-section-height-default\" data-id=\"3add3b4\" data-element_type=\"section\" data-e-type=\"section\">\n\t\t\t\t\t\t<div class=\"elementor-container elementor-column-gap-default\">\n\t\t\t\t\t<div class=\"elementor-column elementor-col-100 elementor-top-column elementor-element elementor-element-973d02b\" data-id=\"973d02b\" data-element_type=\"column\" data-e-type=\"column\">\n\t\t\t<div class=\"elementor-widget-wrap elementor-element-populated\">\n\t\t\t\t\t\t<div class=\"elementor-element elementor-element-2412710 elementor-blockquote--skin-quotation elementor-blockquote--align-left elementor-blockquote--button-color-official elementor-widget elementor-widget-blockquote\" data-id=\"2412710\" data-element_type=\"widget\" data-e-type=\"widget\" data-widget_type=\"blockquote.default\">\n\t\t\t\t<div class=\"elementor-widget-container\">\n\t\t\t\t\t\t\t<blockquote class=\"elementor-blockquote\">\n\t\t\t<p class=\"elementor-blockquote__content\">\n\t\t\t\t<span style=\"font-family: Roboto, sans-serif; font-size: 16px; font-style: italic; white-space: normal;\">\"Nous sommes ravis de travailler avec nos tr\u00e8s estim\u00e9s collaborateurs anglais et fran\u00e7ais sur le projet REVERT. En nous appuyant sur nos ann\u00e9es d'exp\u00e9rience avec la plateforme logicielle du UK Shunt Registry, nous esp\u00e9rons rendre la recherche pionni\u00e8re du projet REVERT accessible aux professionnels de la sant\u00e9 et aux patients concern\u00e9s dans toute la zone du programme.<\/span><span style=\"font-family: Roboto, sans-serif; font-size: 16px; font-style: italic; white-space: normal;\">\"<\/span>\t\t\t<\/p>\n\t\t\t\t\t\t\t<div class=\"e-q-footer\">\n\t\t\t\t\t\t\t\t\t\t\t<cite class=\"elementor-blockquote__author\">M. Michael Martin, Directeur des Op\u00e9rations chez Obex Technologies<\/cite>\n\t\t\t\t\t\t\t\t\t\t\t\t\t\t<\/div>\n\t\t\t\t\t<\/blockquote>\n\t\t\t\t\t\t<\/div>\n\t\t\t\t<\/div>\n\t\t\t\t\t<\/div>\n\t\t<\/div>\n\t\t\t\t\t<\/div>\n\t\t<\/section>\n\t\t\t\t<\/div>","protected":false},"excerpt":{"rendered":"<p>Obex Technologies Ltd is a healthcare software company based in Cambridge UK with an established track record in developing secure databases and complex datasets for long-term surveillance of neurological disease across multiple healthcare providers. Obex established a cloud-based healthcare platform (Orion) in 2012, which now maintains seven UK national registries and includes an online referral [&hellip;]<\/p>\n","protected":false},"author":5,"featured_media":0,"parent":0,"menu_order":0,"comment_status":"closed","ping_status":"closed","template":"","meta":{"_coblocks_attr":"","_coblocks_dimensions":"","_coblocks_responsive_height":"","_coblocks_accordion_ie_support":"","site-sidebar-layout":"default","site-content-layout":"","ast-site-content-layout":"default","site-content-style":"default","site-sidebar-style":"default","ast-global-header-display":"","ast-banner-title-visibility":"","ast-main-header-display":"","ast-hfb-above-header-display":"","ast-hfb-below-header-display":"","ast-hfb-mobile-header-display":"","site-post-title":"","ast-breadcrumbs-content":"","ast-featured-img":"","footer-sml-layout":"","ast-disable-related-posts":"","theme-transparent-header-meta":"","adv-header-id-meta":"","stick-header-meta":"","header-above-stick-meta":"","header-main-stick-meta":"","header-below-stick-meta":"","astra-migrate-meta-layouts":"default","ast-page-background-enabled":"default","ast-page-background-meta":{"desktop":{"background-color":"var(--ast-global-color-4)","background-image":"","background-repeat":"repeat","background-position":"center center","background-size":"auto","background-attachment":"scroll","background-type":"","background-media":"","overlay-type":"","overlay-color":"","overlay-opacity":"","overlay-gradient":""},"tablet":{"background-color":"","background-image":"","background-repeat":"repeat","background-position":"center center","background-size":"auto","background-attachment":"scroll","background-type":"","background-media":"","overlay-type":"","overlay-color":"","overlay-opacity":"","overlay-gradient":""},"mobile":{"background-color":"","background-image":"","background-repeat":"repeat","background-position":"center center","background-size":"auto","background-attachment":"scroll","background-type":"","background-media":"","overlay-type":"","overlay-color":"","overlay-opacity":"","overlay-gradient":""}},"ast-content-background-meta":{"desktop":{"background-color":"var(--ast-global-color-5)","background-image":"","background-repeat":"repeat","background-position":"center center","background-size":"auto","background-attachment":"scroll","background-type":"","background-media":"","overlay-type":"","overlay-color":"","overlay-opacity":"","overlay-gradient":""},"tablet":{"background-color":"var(--ast-global-color-5)","background-image":"","background-repeat":"repeat","background-position":"center center","background-size":"auto","background-attachment":"scroll","background-type":"","background-media":"","overlay-type":"","overlay-color":"","overlay-opacity":"","overlay-gradient":""},"mobile":{"background-color":"var(--ast-global-color-5)","background-image":"","background-repeat":"repeat","background-position":"center center","background-size":"auto","background-attachment":"scroll","background-type":"","background-media":"","overlay-type":"","overlay-color":"","overlay-opacity":"","overlay-gradient":""}},"footnotes":""},"class_list":["post-974","page","type-page","status-publish","hentry"],"aioseo_notices":[],"_links":{"self":[{"href":"https:\/\/revertproject.org\/fr\/wp-json\/wp\/v2\/pages\/974","targetHints":{"allow":["GET"]}}],"collection":[{"href":"https:\/\/revertproject.org\/fr\/wp-json\/wp\/v2\/pages"}],"about":[{"href":"https:\/\/revertproject.org\/fr\/wp-json\/wp\/v2\/types\/page"}],"author":[{"embeddable":true,"href":"https:\/\/revertproject.org\/fr\/wp-json\/wp\/v2\/users\/5"}],"replies":[{"embeddable":true,"href":"https:\/\/revertproject.org\/fr\/wp-json\/wp\/v2\/comments?post=974"}],"version-history":[{"count":0,"href":"https:\/\/revertproject.org\/fr\/wp-json\/wp\/v2\/pages\/974\/revisions"}],"wp:attachment":[{"href":"https:\/\/revertproject.org\/fr\/wp-json\/wp\/v2\/media?parent=974"}],"curies":[{"name":"wp","href":"https:\/\/api.w.org\/{rel}","templated":true}]}}