{"id":969,"date":"2021-07-23T11:56:40","date_gmt":"2021-07-23T11:56:40","guid":{"rendered":"https:\/\/axd.f94.myftpupload.com\/?page_id=969"},"modified":"2021-08-17T09:38:02","modified_gmt":"2021-08-17T09:38:02","slug":"cambridge-university-hospital-and-revert","status":"publish","type":"page","link":"https:\/\/revertproject.org\/fr\/cambridge-university-hospital-and-revert\/","title":{"rendered":"Les H\u00f4pitaux Universitaires de Cambridge et REVERT"},"content":{"rendered":"<div data-elementor-type=\"wp-page\" data-elementor-id=\"969\" class=\"elementor elementor-969\" data-elementor-post-type=\"page\">\n\t\t\t\t\t\t<section class=\"elementor-section elementor-top-section elementor-element elementor-element-400406d9 elementor-section-boxed elementor-section-height-default elementor-section-height-default\" data-id=\"400406d9\" data-element_type=\"section\" data-e-type=\"section\">\n\t\t\t\t\t\t<div class=\"elementor-container elementor-column-gap-default\">\n\t\t\t\t\t<div class=\"elementor-column elementor-col-100 elementor-top-column elementor-element elementor-element-2b79c991\" data-id=\"2b79c991\" data-element_type=\"column\" data-e-type=\"column\">\n\t\t\t<div class=\"elementor-widget-wrap elementor-element-populated\">\n\t\t\t\t\t\t<div class=\"elementor-element elementor-element-1f63ad9d elementor-widget elementor-widget-text-editor\" data-id=\"1f63ad9d\" data-element_type=\"widget\" data-e-type=\"widget\" data-widget_type=\"text-editor.default\">\n\t\t\t\t<div class=\"elementor-widget-container\">\n\t\t\t\t\t\t\t\t\t<p><\/p>\n<p>CUH est un centre principal d'hydroc\u00e9phalie au Royaume-Uni, qui associe l'\u00e9valuation clinique \u00e0 la neuroradiologie et \u00e0 des services d'\u00e9tudes de la dynamique du LCS uniques au monde, fournis par le Brain Physics Laboratory de l'Universit\u00e9 de Cambridge (UCAM), qui partage les locaux du centre. En collaboration avec Brain Physics, le CUH a \u00e9t\u00e9 le premier \u00e0 utiliser les tests de perfusion informatis\u00e9s comme m\u00e9thode universelle d'\u00e9valuation de la dynamique du LCS, qui fait d\u00e9sormais partie des <a href=\"https:\/\/www.nice.org.uk\/guidance\/ipg263\" target=\"_blank\" rel=\"noreferrer noopener\">national and\u00a0international best practice guidelines<\/a>.<\/p>\n<p><\/p>\n<p><\/p>\n<p>CUH \u00e9valuera la faisabilit\u00e9 de l'ensemble combin\u00e9 de tests de perfusion (mesure de la pression) et d'\u00e9tudes dynamiques des mouvements du LCS (en utilisant l'IRM-CP) dans la pratique clinique quotidienne. L'h\u00f4pital universitaire de Cambridge accueillera \u00e9galement le responsable clinique du projet et, conjointement avec l'UCAM, fournira une formation et un soutien pour la mise en \u0153uvre de la fili\u00e8re de soins de l'HPN dans les quatre centres cliniques participant au projet. Un chercheur clinique et un technicien de test de perfusion seront employ\u00e9s et s'impliqueront dans cette t\u00e2che.<\/p>\n<p><\/p>\n<p><\/p>\n<p>Environ 400 patients pr\u00e9sentant des probl\u00e8mes de dynamique du LCS sont vus chaque ann\u00e9e, dont environ 120 pr\u00e9sentent potentiellement des sympt\u00f4mes de HPN. Environ 30 % de ces patients peuvent remplir les crit\u00e8res pour une IRM (y compris les s\u00e9quences IRM-CP) et des \u00e9tudes de perfusion de LCS. La combinaison des deux constituera une base pour la validation de la technique fournie par REVERT.<\/p>\n<p><\/p>\t\t\t\t\t\t\t\t<\/div>\n\t\t\t\t<\/div>\n\t\t\t\t\t<\/div>\n\t\t<\/div>\n\t\t\t\t\t<\/div>\n\t\t<\/section>\n\t\t\t\t<section class=\"elementor-section elementor-top-section elementor-element elementor-element-caee97e elementor-section-boxed elementor-section-height-default elementor-section-height-default\" data-id=\"caee97e\" data-element_type=\"section\" data-e-type=\"section\">\n\t\t\t\t\t\t<div class=\"elementor-container elementor-column-gap-default\">\n\t\t\t\t\t<div class=\"elementor-column elementor-col-100 elementor-top-column elementor-element elementor-element-952183c\" data-id=\"952183c\" data-element_type=\"column\" data-e-type=\"column\">\n\t\t\t<div class=\"elementor-widget-wrap elementor-element-populated\">\n\t\t\t\t\t\t<div class=\"elementor-element elementor-element-7c87465 elementor-blockquote--skin-quotation elementor-blockquote--button-color-official elementor-widget elementor-widget-blockquote\" data-id=\"7c87465\" data-element_type=\"widget\" data-e-type=\"widget\" data-widget_type=\"blockquote.default\">\n\t\t\t\t<div class=\"elementor-widget-container\">\n\t\t\t\t\t\t\t<blockquote class=\"elementor-blockquote\">\n\t\t\t<p class=\"elementor-blockquote__content\">\n\t\t\t\t<span style=\"font-family: Roboto, sans-serif; font-size: 16px; font-style: italic; white-space: normal;\">Le REVERT est une occasion unique d'am\u00e9liorer la qualit\u00e9 de vie des patients atteints d'hydroc\u00e9phalie \u00e0 pression normale qui sont souvent diagnostiqu\u00e9s \u00e0 tort comme d'autres formes de d\u00e9mence, r\u00e9pondant ainsi \u00e0 un besoin clinique largement m\u00e9connu<\/span><span style=\"font-family: Roboto, sans-serif; font-size: 16px; font-style: italic; white-space: normal;\">.\"<\/span>\t\t\t<\/p>\n\t\t\t\t\t\t\t<div class=\"e-q-footer\">\n\t\t\t\t\t\t\t\t\t\t\t<cite class=\"elementor-blockquote__author\">M. Alexis Joannides, Responsable Clinique du projet<\/cite>\n\t\t\t\t\t\t\t\t\t\t\t\t\t\t<\/div>\n\t\t\t\t\t<\/blockquote>\n\t\t\t\t\t\t<\/div>\n\t\t\t\t<\/div>\n\t\t\t\t\t<\/div>\n\t\t<\/div>\n\t\t\t\t\t<\/div>\n\t\t<\/section>\n\t\t\t\t<\/div>","protected":false},"excerpt":{"rendered":"<p>CUH is a leading hydrocephalus centre in the UK, combining clinical assessment with neuroradiology and world-unique CSF dynamics studies services provided by Brain Physics Laboratory of the University of Cambridge (UCAM), which is co-located with the centre. Working together with Brain Physics CUH has pioneered computerised infusion tests as universal method for CSF dynamics assessment [&hellip;]<\/p>\n","protected":false},"author":5,"featured_media":0,"parent":0,"menu_order":0,"comment_status":"closed","ping_status":"closed","template":"","meta":{"_coblocks_attr":"","_coblocks_dimensions":"","_coblocks_responsive_height":"","_coblocks_accordion_ie_support":"","site-sidebar-layout":"default","site-content-layout":"","ast-site-content-layout":"default","site-content-style":"default","site-sidebar-style":"default","ast-global-header-display":"","ast-banner-title-visibility":"","ast-main-header-display":"","ast-hfb-above-header-display":"","ast-hfb-below-header-display":"","ast-hfb-mobile-header-display":"","site-post-title":"","ast-breadcrumbs-content":"","ast-featured-img":"","footer-sml-layout":"","ast-disable-related-posts":"","theme-transparent-header-meta":"","adv-header-id-meta":"","stick-header-meta":"","header-above-stick-meta":"","header-main-stick-meta":"","header-below-stick-meta":"","astra-migrate-meta-layouts":"default","ast-page-background-enabled":"default","ast-page-background-meta":{"desktop":{"background-color":"var(--ast-global-color-4)","background-image":"","background-repeat":"repeat","background-position":"center center","background-size":"auto","background-attachment":"scroll","background-type":"","background-media":"","overlay-type":"","overlay-color":"","overlay-opacity":"","overlay-gradient":""},"tablet":{"background-color":"","background-image":"","background-repeat":"repeat","background-position":"center center","background-size":"auto","background-attachment":"scroll","background-type":"","background-media":"","overlay-type":"","overlay-color":"","overlay-opacity":"","overlay-gradient":""},"mobile":{"background-color":"","background-image":"","background-repeat":"repeat","background-position":"center center","background-size":"auto","background-attachment":"scroll","background-type":"","background-media":"","overlay-type":"","overlay-color":"","overlay-opacity":"","overlay-gradient":""}},"ast-content-background-meta":{"desktop":{"background-color":"var(--ast-global-color-5)","background-image":"","background-repeat":"repeat","background-position":"center center","background-size":"auto","background-attachment":"scroll","background-type":"","background-media":"","overlay-type":"","overlay-color":"","overlay-opacity":"","overlay-gradient":""},"tablet":{"background-color":"var(--ast-global-color-5)","background-image":"","background-repeat":"repeat","background-position":"center center","background-size":"auto","background-attachment":"scroll","background-type":"","background-media":"","overlay-type":"","overlay-color":"","overlay-opacity":"","overlay-gradient":""},"mobile":{"background-color":"var(--ast-global-color-5)","background-image":"","background-repeat":"repeat","background-position":"center center","background-size":"auto","background-attachment":"scroll","background-type":"","background-media":"","overlay-type":"","overlay-color":"","overlay-opacity":"","overlay-gradient":""}},"footnotes":""},"class_list":["post-969","page","type-page","status-publish","hentry"],"aioseo_notices":[],"_links":{"self":[{"href":"https:\/\/revertproject.org\/fr\/wp-json\/wp\/v2\/pages\/969","targetHints":{"allow":["GET"]}}],"collection":[{"href":"https:\/\/revertproject.org\/fr\/wp-json\/wp\/v2\/pages"}],"about":[{"href":"https:\/\/revertproject.org\/fr\/wp-json\/wp\/v2\/types\/page"}],"author":[{"embeddable":true,"href":"https:\/\/revertproject.org\/fr\/wp-json\/wp\/v2\/users\/5"}],"replies":[{"embeddable":true,"href":"https:\/\/revertproject.org\/fr\/wp-json\/wp\/v2\/comments?post=969"}],"version-history":[{"count":0,"href":"https:\/\/revertproject.org\/fr\/wp-json\/wp\/v2\/pages\/969\/revisions"}],"wp:attachment":[{"href":"https:\/\/revertproject.org\/fr\/wp-json\/wp\/v2\/media?parent=969"}],"curies":[{"name":"wp","href":"https:\/\/api.w.org\/{rel}","templated":true}]}}