{"id":967,"date":"2021-07-23T13:03:05","date_gmt":"2021-07-23T13:03:05","guid":{"rendered":"https:\/\/axd.f94.myftpupload.com\/?page_id=967"},"modified":"2021-07-23T13:40:16","modified_gmt":"2021-07-23T13:40:16","slug":"the-university-of-picardie-jules-verne-and-revert","status":"publish","type":"page","link":"https:\/\/revertproject.org\/fr\/the-university-of-picardie-jules-verne-and-revert\/","title":{"rendered":"L'Universit\u00e9 de Picardie Jules Verne et REVERT"},"content":{"rendered":"<p>L'Universit\u00e9 de Picardie Jules Verne est une universit\u00e9 pluridisciplinaire cr\u00e9\u00e9e en 1969 et accueille 30 000 \u00e9tudiants. Elle compte 35 unit\u00e9s de recherche et environ 800 chercheurs. Plus sp\u00e9cifiquement, les objectifs du laboratoire CHIMERE sont de personnaliser le diagnostic et l'approche th\u00e9rapeutique de la chirurgie de la t\u00eate et du cou ; et la caract\u00e9risation morphologique et fonctionnelle des pathologies de l'extr\u00e9mit\u00e9 c\u00e9phalique. <\/p>\n\n\n\n<p>BIOFLOW Image, qui est partie prenante du projet REVERT, est une branche de CHIMERE, visant \u00e0 mod\u00e9liser efficacement les flux de sang et de LCR. Il s'appuie sur les possibilit\u00e9s fonctionnelles de l'imagerie par r\u00e9sonance magn\u00e9tique pour fournir de nouvelles informations sur la physiologie des flux et mieux diagnostiquer et g\u00e9rer les pathologies associ\u00e9es. Les chercheurs d\u00e9veloppent de nouvelles m\u00e9thodes de reconstruction et d'analyse des images m\u00e9dicales. <\/p>\n\n\n\n<p>Dans le cadre du projet, l'UPJV construira un mod\u00e8le num\u00e9rique d\u00e9di\u00e9 \u00e0 l'interaction des fluides dans le syst\u00e8me cr\u00e2nien \u00e0 partir de nouvelles mesures, d\u00e9bit et pression intracr\u00e2nienne, obtenues dans le cadre du projet. Ce groupe a dirig\u00e9 3 doctorants dans ce domaine au cours des 10 derni\u00e8res ann\u00e9es, et m\u00e8ne actuellement un projet de recherche sur l'interaction des fluides dans le syst\u00e8me cr\u00e2nien, et m\u00e8ne actuellement\u00a0<a rel=\"noreferrer noopener\" href=\"https:\/\/anr.fr\/Projet-ANR-18-CE45-0014\" target=\"_blank\">un projet de recherche national<\/a>\u00a0intitul\u00e9 : Mod\u00e8les num\u00e9riques humain et animal du syst\u00e8me cranio-spinal \u2013 HANUMAN.\"<\/p>\n\n\n\n<p>Selon Dr Olivier Bal\u00e9dent, responsable scientifique pour REVERT:&nbsp;<\/p>\n\n\n\n<blockquote class=\"wp-block-quote is-layout-flow wp-block-quote-is-layout-flow\"><p>&#8220;<em>De nombreuses pathologies c\u00e9r\u00e9brales ont pour origine ou cons\u00e9quence des alt\u00e9rations de la dynamique des fluides c\u00e9r\u00e9braux. Certaines d'entre elles, comme les hydroc\u00e9phalies, ne sont pas encore compl\u00e8tement comprises.<\/em><\/p><p><em>Avec l'arriv\u00e9e de l'IRM en contraste de phase \u00e0 Amiens \u00e0 la fin des ann\u00e9es 1990, nous avons montr\u00e9 qu'il est possible de quantifier les \u00e9coulements des liquides c\u00e9r\u00e9braux et ainsi de mieux comprendre les diff\u00e9rentes hydroc\u00e9phalies.<br>De l'autre cot\u00e9 de la Manche une approche diff\u00e9rente se fait par l'\u00e9tude de la pression intracr\u00e2nienne.<br>N\u00e9anmoins ni les uns ni les autres comprenons compl\u00e9tement cette pathologie complexe.<\/em><\/p><p><em>Nous savons par les lois ancestrales de la physique et de la physiologie que les dynamiques des flux de liquides et de leurs pressions c\u00e9r\u00e9brales sont li\u00e9es. \nC'est donc tout naturellement que nos longues discussions Ami\u00e9no-Cambridgiennes aboutissent \u00e0 combiner ces deux approches compl\u00e9mentaires et \u00e0 proposer un nouveau mod\u00e8le de simulation num\u00e9rique de la dynamique c\u00e9r\u00e9brale. \nLes r\u00e9sultats in\u00e9dits que nous obtiendrons pour la premi\u00e8re fois seront des atouts pr\u00e9cieux pour diagnostiquer, le plus pr\u00e9cis\u00e9ment et pr\u00e9cocement, les patients et leur apporter les meilleures chances de gu\u00e9rison ou d'am\u00e9lioration de leur \u00e9tat clinique.<\/em><\/p><p><em>\"Comprendre le m\u00e9canisme des dynamiques c\u00e9r\u00e9brales, c'est d\u00e9j\u00e0 commencer \u00e0 comprendre leurs potentielles physiopathologies.<\/em>&#8220;<\/p><\/blockquote>","protected":false},"excerpt":{"rendered":"<p>The University of Picardie Jules Verne is a multidisciplinary university created in 1969 and welcomes 30,000 students. It has 35 research units and around 800 researchers. More specifically, the objectives of the CHIMERE laboratory are to personalise the diagnosis and the therapeutic approach of head and neck surgery; and the morphological and functional characterisation of [&hellip;]<\/p>\n","protected":false},"author":5,"featured_media":0,"parent":0,"menu_order":0,"comment_status":"closed","ping_status":"closed","template":"","meta":{"_coblocks_attr":"","_coblocks_dimensions":"","_coblocks_responsive_height":"","_coblocks_accordion_ie_support":"","site-sidebar-layout":"default","site-content-layout":"","ast-site-content-layout":"default","site-content-style":"default","site-sidebar-style":"default","ast-global-header-display":"","ast-banner-title-visibility":"","ast-main-header-display":"","ast-hfb-above-header-display":"","ast-hfb-below-header-display":"","ast-hfb-mobile-header-display":"","site-post-title":"","ast-breadcrumbs-content":"","ast-featured-img":"","footer-sml-layout":"","ast-disable-related-posts":"","theme-transparent-header-meta":"","adv-header-id-meta":"","stick-header-meta":"","header-above-stick-meta":"","header-main-stick-meta":"","header-below-stick-meta":"","astra-migrate-meta-layouts":"default","ast-page-background-enabled":"default","ast-page-background-meta":{"desktop":{"background-color":"var(--ast-global-color-4)","background-image":"","background-repeat":"repeat","background-position":"center center","background-size":"auto","background-attachment":"scroll","background-type":"","background-media":"","overlay-type":"","overlay-color":"","overlay-opacity":"","overlay-gradient":""},"tablet":{"background-color":"","background-image":"","background-repeat":"repeat","background-position":"center center","background-size":"auto","background-attachment":"scroll","background-type":"","background-media":"","overlay-type":"","overlay-color":"","overlay-opacity":"","overlay-gradient":""},"mobile":{"background-color":"","background-image":"","background-repeat":"repeat","background-position":"center center","background-size":"auto","background-attachment":"scroll","background-type":"","background-media":"","overlay-type":"","overlay-color":"","overlay-opacity":"","overlay-gradient":""}},"ast-content-background-meta":{"desktop":{"background-color":"var(--ast-global-color-5)","background-image":"","background-repeat":"repeat","background-position":"center center","background-size":"auto","background-attachment":"scroll","background-type":"","background-media":"","overlay-type":"","overlay-color":"","overlay-opacity":"","overlay-gradient":""},"tablet":{"background-color":"var(--ast-global-color-5)","background-image":"","background-repeat":"repeat","background-position":"center center","background-size":"auto","background-attachment":"scroll","background-type":"","background-media":"","overlay-type":"","overlay-color":"","overlay-opacity":"","overlay-gradient":""},"mobile":{"background-color":"var(--ast-global-color-5)","background-image":"","background-repeat":"repeat","background-position":"center center","background-size":"auto","background-attachment":"scroll","background-type":"","background-media":"","overlay-type":"","overlay-color":"","overlay-opacity":"","overlay-gradient":""}},"footnotes":""},"class_list":["post-967","page","type-page","status-publish","hentry"],"aioseo_notices":[],"_links":{"self":[{"href":"https:\/\/revertproject.org\/fr\/wp-json\/wp\/v2\/pages\/967","targetHints":{"allow":["GET"]}}],"collection":[{"href":"https:\/\/revertproject.org\/fr\/wp-json\/wp\/v2\/pages"}],"about":[{"href":"https:\/\/revertproject.org\/fr\/wp-json\/wp\/v2\/types\/page"}],"author":[{"embeddable":true,"href":"https:\/\/revertproject.org\/fr\/wp-json\/wp\/v2\/users\/5"}],"replies":[{"embeddable":true,"href":"https:\/\/revertproject.org\/fr\/wp-json\/wp\/v2\/comments?post=967"}],"version-history":[{"count":0,"href":"https:\/\/revertproject.org\/fr\/wp-json\/wp\/v2\/pages\/967\/revisions"}],"wp:attachment":[{"href":"https:\/\/revertproject.org\/fr\/wp-json\/wp\/v2\/media?parent=967"}],"curies":[{"name":"wp","href":"https:\/\/api.w.org\/{rel}","templated":true}]}}