{"id":965,"date":"2021-07-23T13:00:43","date_gmt":"2021-07-23T13:00:43","guid":{"rendered":"https:\/\/axd.f94.myftpupload.com\/?page_id=965"},"modified":"2021-07-30T08:48:03","modified_gmt":"2021-07-30T08:48:03","slug":"the-university-of-cambridge-and-revert","status":"publish","type":"page","link":"https:\/\/revertproject.org\/fr\/the-university-of-cambridge-and-revert\/","title":{"rendered":"L'Universit\u00e9 de Cambridge et REVERT"},"content":{"rendered":"<p>Le\u00a0<a href=\"https:\/\/www.neurosurg.cam.ac.uk\/research-groups\/brain-physics-lab\/\" target=\"_blank\" rel=\"noreferrer noopener\">Brain Physics Laboratory<\/a>\u00a0de l'Universit\u00e9 de Cambridge (UCAM) se concentre sur l'\u00e9tude de la dynamique du liquide c\u00e9r\u00e9brospinal (LCS) et la surveillance multimodale du cerveau. Ses 3 scientifiques, le Dr Peter Smielewski (le chercheur principal de REVERT), le Prof. Marek Czosnyka et le Dr Zofia Czosnyka sont des experts mondiaux de premier plan en mati\u00e8re de pression intracr\u00e2nienne, d'hydroc\u00e9phalie, de surveillance neurophysiologique et de l\u00e9sions c\u00e9r\u00e9brales traumatiques (expertscape.com), avec plus de 60 000 citations \u00e0 ce jour (plus de 700 publications sur PubMed).<\/p>\n\n\n\n<p>Le Dr Smielewski et le professeur Czosnyka ont mis au point un logiciel de collecte de donn\u00e9es de surveillance physiologique et d'analyse en temps r\u00e9el,&nbsp;<a rel=\"noreferrer noopener\" href=\"http:\/\/icmplus.neurosurg.cam.ac.uk\" target=\"_blank\">ICM+<\/a>&nbsp;, dont l'Universit\u00e9 de Cambridge a conc\u00e9d\u00e9 la licence \u00e0 de nombreux centres de recherche clinique dans le monde (actuellement plus de 200), et qui int\u00e8gre toutes les m\u00e9thodes d'\u00e9valuation des divers aspects de la dynamique cranio-spinale que le groupe a d\u00e9velopp\u00e9es depuis sa cr\u00e9ation en 1992.<\/p>\n\n\n\n<p>Le laboratoire Cambridge Shunt, cr\u00e9\u00e9 et g\u00e9r\u00e9 par le groupe Brain Physics, a produit des donn\u00e9es qui fournissent aux professionnels de la sant\u00e9 et aux fabricants des r\u00e9f\u00e9rences ind\u00e9pendantes sur les performances des shunts. Dans l'ensemble, le groupe de physique du cerveau a apport\u00e9 une contribution majeure \u00e0 la formation de la prochaine g\u00e9n\u00e9ration de scientifiques cliniques int\u00e9ress\u00e9s par les troubles de la circulation du LCS.<\/p>\n\n\n\n<p>En tant que chef de file, l'UCAM supervisera l'ensemble du projet.<\/p>","protected":false},"excerpt":{"rendered":"<p>The\u00a0Brain Physics Laboratory\u00a0of the University of Cambridge (UCAM) focuses on studying the cerebrospinal fluid (CSF) dynamics and multimodal brain monitoring. Its three scientists, Dr Peter Smielewski, Professor Marek Czosnyka and Dr Zofia Czosnyka are world-leading experts in intracranial pressure, hydrocephalus, neurophysiological monitoring and traumatic brain injury (expertscape.com), with over 60,000 citations to date (over 700 [&hellip;]<\/p>\n","protected":false},"author":5,"featured_media":0,"parent":0,"menu_order":0,"comment_status":"closed","ping_status":"closed","template":"","meta":{"_coblocks_attr":"","_coblocks_dimensions":"","_coblocks_responsive_height":"","_coblocks_accordion_ie_support":"","site-sidebar-layout":"default","site-content-layout":"","ast-site-content-layout":"default","site-content-style":"default","site-sidebar-style":"default","ast-global-header-display":"","ast-banner-title-visibility":"","ast-main-header-display":"","ast-hfb-above-header-display":"","ast-hfb-below-header-display":"","ast-hfb-mobile-header-display":"","site-post-title":"","ast-breadcrumbs-content":"","ast-featured-img":"","footer-sml-layout":"","ast-disable-related-posts":"","theme-transparent-header-meta":"","adv-header-id-meta":"","stick-header-meta":"","header-above-stick-meta":"","header-main-stick-meta":"","header-below-stick-meta":"","astra-migrate-meta-layouts":"default","ast-page-background-enabled":"default","ast-page-background-meta":{"desktop":{"background-color":"var(--ast-global-color-4)","background-image":"","background-repeat":"repeat","background-position":"center center","background-size":"auto","background-attachment":"scroll","background-type":"","background-media":"","overlay-type":"","overlay-color":"","overlay-opacity":"","overlay-gradient":""},"tablet":{"background-color":"","background-image":"","background-repeat":"repeat","background-position":"center center","background-size":"auto","background-attachment":"scroll","background-type":"","background-media":"","overlay-type":"","overlay-color":"","overlay-opacity":"","overlay-gradient":""},"mobile":{"background-color":"","background-image":"","background-repeat":"repeat","background-position":"center center","background-size":"auto","background-attachment":"scroll","background-type":"","background-media":"","overlay-type":"","overlay-color":"","overlay-opacity":"","overlay-gradient":""}},"ast-content-background-meta":{"desktop":{"background-color":"var(--ast-global-color-5)","background-image":"","background-repeat":"repeat","background-position":"center center","background-size":"auto","background-attachment":"scroll","background-type":"","background-media":"","overlay-type":"","overlay-color":"","overlay-opacity":"","overlay-gradient":""},"tablet":{"background-color":"var(--ast-global-color-5)","background-image":"","background-repeat":"repeat","background-position":"center center","background-size":"auto","background-attachment":"scroll","background-type":"","background-media":"","overlay-type":"","overlay-color":"","overlay-opacity":"","overlay-gradient":""},"mobile":{"background-color":"var(--ast-global-color-5)","background-image":"","background-repeat":"repeat","background-position":"center center","background-size":"auto","background-attachment":"scroll","background-type":"","background-media":"","overlay-type":"","overlay-color":"","overlay-opacity":"","overlay-gradient":""}},"footnotes":""},"class_list":["post-965","page","type-page","status-publish","hentry"],"aioseo_notices":[],"_links":{"self":[{"href":"https:\/\/revertproject.org\/fr\/wp-json\/wp\/v2\/pages\/965","targetHints":{"allow":["GET"]}}],"collection":[{"href":"https:\/\/revertproject.org\/fr\/wp-json\/wp\/v2\/pages"}],"about":[{"href":"https:\/\/revertproject.org\/fr\/wp-json\/wp\/v2\/types\/page"}],"author":[{"embeddable":true,"href":"https:\/\/revertproject.org\/fr\/wp-json\/wp\/v2\/users\/5"}],"replies":[{"embeddable":true,"href":"https:\/\/revertproject.org\/fr\/wp-json\/wp\/v2\/comments?post=965"}],"version-history":[{"count":0,"href":"https:\/\/revertproject.org\/fr\/wp-json\/wp\/v2\/pages\/965\/revisions"}],"wp:attachment":[{"href":"https:\/\/revertproject.org\/fr\/wp-json\/wp\/v2\/media?parent=965"}],"curies":[{"name":"wp","href":"https:\/\/api.w.org\/{rel}","templated":true}]}}