{"id":778,"date":"2021-07-22T15:10:46","date_gmt":"2021-07-22T15:10:46","guid":{"rendered":"https:\/\/axd.f94.myftpupload.com\/?page_id=778"},"modified":"2022-07-26T10:28:06","modified_gmt":"2022-07-26T10:28:06","slug":"what-is-normal-pressure-hydrocephalus","status":"publish","type":"page","link":"https:\/\/revertproject.org\/fr\/what-is-normal-pressure-hydrocephalus\/","title":{"rendered":""},"content":{"rendered":"<div data-elementor-type=\"wp-page\" data-elementor-id=\"778\" class=\"elementor elementor-778\" data-elementor-post-type=\"page\">\n\t\t\t\t\t\t<section class=\"elementor-section elementor-top-section elementor-element elementor-element-07948a4 elementor-section-boxed elementor-section-height-default elementor-section-height-default\" data-id=\"07948a4\" data-element_type=\"section\" data-e-type=\"section\">\n\t\t\t\t\t\t<div class=\"elementor-container elementor-column-gap-default\">\n\t\t\t\t\t<div class=\"elementor-column elementor-col-100 elementor-top-column elementor-element elementor-element-e27f615\" data-id=\"e27f615\" data-element_type=\"column\" data-e-type=\"column\">\n\t\t\t<div class=\"elementor-widget-wrap elementor-element-populated\">\n\t\t\t\t\t\t<div class=\"elementor-element elementor-element-266c31e elementor-widget elementor-widget-heading\" data-id=\"266c31e\" data-element_type=\"widget\" data-e-type=\"widget\" data-widget_type=\"heading.default\">\n\t\t\t\t<div class=\"elementor-widget-container\">\n\t\t\t\t\t<h2 class=\"elementor-heading-title elementor-size-default\">Qu'est-ce que l'hydroc\u00e9phalie active ?<\/h2>\t\t\t\t<\/div>\n\t\t\t\t<\/div>\n\t\t\t\t\t<\/div>\n\t\t<\/div>\n\t\t\t\t\t<\/div>\n\t\t<\/section>\n\t\t\t\t<section class=\"elementor-section elementor-top-section elementor-element elementor-element-966691d elementor-section-boxed elementor-section-height-default elementor-section-height-default\" data-id=\"966691d\" data-element_type=\"section\" data-e-type=\"section\">\n\t\t\t\t\t\t<div class=\"elementor-container elementor-column-gap-default\">\n\t\t\t\t\t<div class=\"elementor-column elementor-col-100 elementor-top-column elementor-element elementor-element-a176998\" data-id=\"a176998\" data-element_type=\"column\" data-e-type=\"column\">\n\t\t\t<div class=\"elementor-widget-wrap elementor-element-populated\">\n\t\t\t\t\t\t<div class=\"elementor-element elementor-element-fbab211 elementor-widget elementor-widget-text-editor\" data-id=\"fbab211\" data-element_type=\"widget\" data-e-type=\"widget\" data-widget_type=\"text-editor.default\">\n\t\t\t\t<div class=\"elementor-widget-container\">\n\t\t\t\t\t\t\t\t\t<p><\/p>\n<p><\/p>\n<p><\/p>\n<p>L'hydroc\u00e9phalie active (encore appell\u00e9e hydroc\u00e9phalie \u00ab \u00e0 pression normale \u00bb) est souvent non diagnostiqu\u00e9e. Il s'agit d'une pathologie li\u00e9e \u00e0 une augmentation de volume du liquide c\u00e9r\u00e9brospinal (LCS) au sein du cerveau. L'hydroc\u00e9phalie active touche principalement les personnes \u00e2g\u00e9es et les sympt\u00f4mes peuvent inclure les suivants :\u00a0<\/p>\n<p><\/p>\n<p><\/p>\n<ul class=\"wp-block-list\">\n<li style=\"font-size: 16px;\">Des troubles de la marche et de l'\u00e9quilibre<\/li>\n<li>Des troubles de la m\u00e9moire et de la concentration<\/li>\n<li style=\"font-size: 16px;\">Des troubles du contr\u00f4le de la vessie<\/li>\n<\/ul>\n<p><\/p>\t\t\t\t\t\t\t\t<\/div>\n\t\t\t\t<\/div>\n\t\t\t\t\t<\/div>\n\t\t<\/div>\n\t\t\t\t\t<\/div>\n\t\t<\/section>\n\t\t\t\t<section class=\"elementor-section elementor-top-section elementor-element elementor-element-7b72aaa elementor-section-boxed elementor-section-height-default elementor-section-height-default\" data-id=\"7b72aaa\" data-element_type=\"section\" data-e-type=\"section\">\n\t\t\t\t\t\t<div class=\"elementor-container elementor-column-gap-default\">\n\t\t\t\t\t<div class=\"elementor-column elementor-col-100 elementor-top-column elementor-element elementor-element-9dbb6cc\" data-id=\"9dbb6cc\" data-element_type=\"column\" data-e-type=\"column\">\n\t\t\t<div class=\"elementor-widget-wrap elementor-element-populated\">\n\t\t\t\t\t\t<div class=\"elementor-element elementor-element-d52f933 elementor-widget elementor-widget-heading\" data-id=\"d52f933\" data-element_type=\"widget\" data-e-type=\"widget\" data-widget_type=\"heading.default\">\n\t\t\t\t<div class=\"elementor-widget-container\">\n\t\t\t\t\t<h3 class=\"elementor-heading-title elementor-size-default\">Comment est diagnostiqu\u00e9 l'hydroc\u00e9phalie active ?<\/h3>\t\t\t\t<\/div>\n\t\t\t\t<\/div>\n\t\t\t\t\t<\/div>\n\t\t<\/div>\n\t\t\t\t\t<\/div>\n\t\t<\/section>\n\t\t\t\t<section class=\"elementor-section elementor-top-section elementor-element elementor-element-db16610 elementor-section-boxed elementor-section-height-default elementor-section-height-default\" data-id=\"db16610\" data-element_type=\"section\" data-e-type=\"section\">\n\t\t\t\t\t\t<div class=\"elementor-container elementor-column-gap-default\">\n\t\t\t\t\t<div class=\"elementor-column elementor-col-50 elementor-top-column elementor-element elementor-element-da3235b\" data-id=\"da3235b\" data-element_type=\"column\" data-e-type=\"column\">\n\t\t\t<div class=\"elementor-widget-wrap elementor-element-populated\">\n\t\t\t\t\t\t<div class=\"elementor-element elementor-element-f833770 elementor-widget elementor-widget-text-editor\" data-id=\"f833770\" data-element_type=\"widget\" data-e-type=\"widget\" data-widget_type=\"text-editor.default\">\n\t\t\t\t<div class=\"elementor-widget-container\">\n\t\t\t\t\t\t\t\t\t<p>L'hydroc\u00e9phalie active peut \u00eatre diagnostiqu\u00e9e \u00e0 tort comme la maladie d'Alzheimer et d'autres affections similaires, car elles pr\u00e9sentent des sympt\u00f4mes semblables. Actuellement, les tests suivants peuvent \u00eatre utilis\u00e9s pour diagnostiquer l'hydroc\u00e9phalie active :<\/p>\n<ul>\n<li>Test de marche<\/li>\n<li>\u00c9valuation cognitive<\/li>\n<li>Imagerie c\u00e9r\u00e9brale (IRM ou tomodensitom\u00e9trie)<\/li>\n<li>Tests de ponction lombaire, de drainage et\/ou d'infusion<\/li>\n<\/ul>\n<p>Le projet REVERT partage les meilleures pratiques et \u00e9tudie de nouvelles fa\u00e7ons d'obtenir un diagnostic plus pr\u00e9cis.<\/p>\t\t\t\t\t\t\t\t<\/div>\n\t\t\t\t<\/div>\n\t\t\t\t\t<\/div>\n\t\t<\/div>\n\t\t\t\t<div class=\"elementor-column elementor-col-50 elementor-top-column elementor-element elementor-element-1a03a02\" data-id=\"1a03a02\" data-element_type=\"column\" data-e-type=\"column\">\n\t\t\t<div class=\"elementor-widget-wrap elementor-element-populated\">\n\t\t\t\t\t\t<div class=\"elementor-element elementor-element-af51449 elementor-widget elementor-widget-image\" data-id=\"af51449\" data-element_type=\"widget\" data-e-type=\"widget\" data-widget_type=\"image.default\">\n\t\t\t\t<div class=\"elementor-widget-container\">\n\t\t\t\t\t\t\t\t\t\t\t\t<figure class=\"wp-caption\">\n\t\t\t\t\t\t\t\t\t\t<img fetchpriority=\"high\" decoding=\"async\" width=\"300\" height=\"294\" src=\"https:\/\/revertproject.org\/wp-content\/uploads\/2021\/05\/poster1-300x294.png\" class=\"attachment-medium size-medium wp-image-473\" alt=\"Beaker representing hydrocephalus diagnosis and treatment with brain and CSF drainage, and text showing Care and support, diagnostics, treatment\" srcset=\"https:\/\/revertproject.org\/wp-content\/uploads\/2021\/05\/poster1-300x294.png 300w, https:\/\/revertproject.org\/wp-content\/uploads\/2021\/05\/poster1-768x754.png 768w, https:\/\/revertproject.org\/wp-content\/uploads\/2021\/05\/poster1-12x12.png 12w, https:\/\/revertproject.org\/wp-content\/uploads\/2021\/05\/poster1.png 927w\" sizes=\"(max-width: 300px) 100vw, 300px\" \/>\t\t\t\t\t\t\t\t\t\t\t<figcaption class=\"widget-image-caption wp-caption-text\">\u00a0Image par: \u00c8ve Barlier, 2021<\/figcaption>\n\t\t\t\t\t\t\t\t\t\t<\/figure>\n\t\t\t\t\t\t\t\t\t<\/div>\n\t\t\t\t<\/div>\n\t\t\t\t\t<\/div>\n\t\t<\/div>\n\t\t\t\t\t<\/div>\n\t\t<\/section>\n\t\t\t\t<section class=\"elementor-section elementor-top-section elementor-element elementor-element-03200f3 elementor-section-boxed elementor-section-height-default elementor-section-height-default\" data-id=\"03200f3\" data-element_type=\"section\" data-e-type=\"section\">\n\t\t\t\t\t\t<div class=\"elementor-container elementor-column-gap-default\">\n\t\t\t\t\t<div class=\"elementor-column elementor-col-100 elementor-top-column elementor-element elementor-element-bec33b0\" data-id=\"bec33b0\" data-element_type=\"column\" data-e-type=\"column\">\n\t\t\t<div class=\"elementor-widget-wrap elementor-element-populated\">\n\t\t\t\t\t\t<div class=\"elementor-element elementor-element-d1672ed elementor-widget elementor-widget-heading\" data-id=\"d1672ed\" data-element_type=\"widget\" data-e-type=\"widget\" data-widget_type=\"heading.default\">\n\t\t\t\t<div class=\"elementor-widget-container\">\n\t\t\t\t\t<h3 class=\"elementor-heading-title elementor-size-default\">Comment peut-on traiter l'hydroc\u00e9phalie active ?<\/h3>\t\t\t\t<\/div>\n\t\t\t\t<\/div>\n\t\t\t\t\t<\/div>\n\t\t<\/div>\n\t\t\t\t\t<\/div>\n\t\t<\/section>\n\t\t\t\t<section class=\"elementor-section elementor-top-section elementor-element elementor-element-ae8f266 elementor-section-boxed elementor-section-height-default elementor-section-height-default\" data-id=\"ae8f266\" data-element_type=\"section\" data-e-type=\"section\">\n\t\t\t\t\t\t<div class=\"elementor-container elementor-column-gap-default\">\n\t\t\t\t\t<div class=\"elementor-column elementor-col-100 elementor-top-column elementor-element elementor-element-25a6fa5\" data-id=\"25a6fa5\" data-element_type=\"column\" data-e-type=\"column\">\n\t\t\t<div class=\"elementor-widget-wrap elementor-element-populated\">\n\t\t\t\t\t\t<div class=\"elementor-element elementor-element-88e85ce elementor-widget elementor-widget-text-editor\" data-id=\"88e85ce\" data-element_type=\"widget\" data-e-type=\"widget\" data-widget_type=\"text-editor.default\">\n\t\t\t\t<div class=\"elementor-widget-container\">\n\t\t\t\t\t\t\t\t\t<p>Les sympt\u00f4mes de l'hydroc\u00e9phalie active peuvent potentiellement \u00eatre invers\u00e9s par une chirurgie de d\u00e9rivation. Au cours d'une chirurgie de d\u00e9rivation, le neurochirurgien implante un petit tube fin muni d'une valve (la d\u00e9rivation) dans le cerveau pour drainer l'exc\u00e8s de liquide c\u00e9r\u00e9brospinal dans une autre cavit\u00e9 du corps, g\u00e9n\u00e9ralement dans l'abdomen.<\/p>\n<p>Pour en savoir plus sur l'hydroc\u00e9phalie \u00e0 pression normale, les pages suivantes peuvent vous \u00eatre utiles :<\/p>\n<h4>En anglais<\/h4>\n<p><span style=\"text-decoration: underline;\"><a href=\"https:\/\/www.shinecharity.org.uk\/hydrocephalus\/hydrocephalus\">Page web de l'association SHINE sur l'hydroc\u00e9phalie<\/a><\/span><br \/><span style=\"text-decoration: underline;\"><a href=\"https:\/\/www.nhs.uk\/conditions\/hydrocephalus\/\">Page web NHS sur les diff\u00e9rents types d'hydroc\u00e9phalie<\/a><\/span><br \/><span style=\"text-decoration: underline;\"><a href=\"https:\/\/www.hydroassoc.org\/about-normal-pressure-hydrocephalus\/\">Page web de l'Hydrocephalus Association sur l'hydroc\u00e9phalie active<\/a><\/span><\/p>\n<h4>En fran\u00e7ais<\/h4>\n<p><span style=\"text-decoration: underline;\"><a href=\"https:\/\/teteenlair.asso.fr\/hydrocephalie\/qu-est-ce-que-l-hydrocephalie\">Page de l'Association T\u00eate en l\u2019air sur l'hydroc\u00e9phalie<\/a><\/span><br \/><span style=\"text-decoration: underline;\"><a href=\"https:\/\/alzheimer.ca\/fr\/au-sujet-des-troubles-neurocognitifs\/autres-formes-de-troubles-neurocognitifs\/troubles-5\">Page de la Soci\u00e9t\u00e9 Alzheimer du Canada sur l'hydroc\u00e9phalie active<\/a><\/span><br \/><a href=\"https:\/\/www.apaiser.org\/les-pathologies-proches\/\"><span style=\"text-decoration: underline;\">Page web de l'Association Apaiser<\/span><\/a><\/p>\t\t\t\t\t\t\t\t<\/div>\n\t\t\t\t<\/div>\n\t\t\t\t\t<\/div>\n\t\t<\/div>\n\t\t\t\t\t<\/div>\n\t\t<\/section>\n\t\t\t\t<section class=\"elementor-section elementor-top-section elementor-element elementor-element-2359c7b elementor-section-boxed elementor-section-height-default elementor-section-height-default\" data-id=\"2359c7b\" data-element_type=\"section\" data-e-type=\"section\">\n\t\t\t\t\t\t<div class=\"elementor-container elementor-column-gap-default\">\n\t\t\t\t\t<div class=\"elementor-column elementor-col-100 elementor-top-column elementor-element elementor-element-24e8ef5\" data-id=\"24e8ef5\" data-element_type=\"column\" data-e-type=\"column\">\n\t\t\t<div class=\"elementor-widget-wrap elementor-element-populated\">\n\t\t\t\t\t\t<div class=\"elementor-element elementor-element-d196be4 elementor-widget elementor-widget-heading\" data-id=\"d196be4\" data-element_type=\"widget\" data-e-type=\"widget\" data-widget_type=\"heading.default\">\n\t\t\t\t<div class=\"elementor-widget-container\">\n\t\t\t\t\t<h2 class=\"elementor-heading-title elementor-size-default\">D\u00e9pliant REVERT pour patients : version anglaise<\/h2>\t\t\t\t<\/div>\n\t\t\t\t<\/div>\n\t\t\t\t\t<\/div>\n\t\t<\/div>\n\t\t\t\t\t<\/div>\n\t\t<\/section>\n\t\t\t\t<section class=\"elementor-section elementor-top-section elementor-element elementor-element-212820df elementor-section-boxed elementor-section-height-default elementor-section-height-default\" data-id=\"212820df\" data-element_type=\"section\" data-e-type=\"section\">\n\t\t\t\t\t\t<div class=\"elementor-container elementor-column-gap-default\">\n\t\t\t\t\t<div class=\"elementor-column elementor-col-100 elementor-top-column elementor-element elementor-element-2e90d318\" data-id=\"2e90d318\" data-element_type=\"column\" data-e-type=\"column\">\n\t\t\t<div class=\"elementor-widget-wrap elementor-element-populated\">\n\t\t\t\t\t\t<div class=\"elementor-element elementor-element-5be9510 elementor-widget elementor-widget-shortcode\" data-id=\"5be9510\" data-element_type=\"widget\" data-e-type=\"widget\" data-widget_type=\"shortcode.default\">\n\t\t\t\t<div class=\"elementor-widget-container\">\n\t\t\t\t\t\t\t<div class=\"elementor-shortcode\"><iframe style=\"border: 1px solid #777;\" src=\"https:\/\/indd.adobe.com\/embed\/0bf2d9fd-a3a0-418c-a75a-c888563138da?startpage=1&allowFullscreen=true\" width=\"650px\" height=\"460px\" frameborder=\"0\" allowfullscreen=\"\"><\/iframe><\/div>\n\t\t\t\t\t\t<\/div>\n\t\t\t\t<\/div>\n\t\t\t\t\t<\/div>\n\t\t<\/div>\n\t\t\t\t\t<\/div>\n\t\t<\/section>\n\t\t\t\t<section class=\"elementor-section elementor-top-section elementor-element elementor-element-a84c7f6 elementor-section-boxed elementor-section-height-default elementor-section-height-default\" data-id=\"a84c7f6\" data-element_type=\"section\" data-e-type=\"section\">\n\t\t\t\t\t\t<div class=\"elementor-container elementor-column-gap-default\">\n\t\t\t\t\t<div class=\"elementor-column elementor-col-100 elementor-top-column elementor-element elementor-element-c932ebf\" data-id=\"c932ebf\" data-element_type=\"column\" data-e-type=\"column\">\n\t\t\t<div class=\"elementor-widget-wrap elementor-element-populated\">\n\t\t\t\t\t\t<div class=\"elementor-element elementor-element-f2f12a9 elementor-widget elementor-widget-heading\" data-id=\"f2f12a9\" data-element_type=\"widget\" data-e-type=\"widget\" data-widget_type=\"heading.default\">\n\t\t\t\t<div class=\"elementor-widget-container\">\n\t\t\t\t\t<h2 class=\"elementor-heading-title elementor-size-default\">D\u00e9pliant REVERT pour patients : version fran\u00e7aise<\/h2>\t\t\t\t<\/div>\n\t\t\t\t<\/div>\n\t\t\t\t<div class=\"elementor-element elementor-element-ee5c42e elementor-widget elementor-widget-shortcode\" data-id=\"ee5c42e\" data-element_type=\"widget\" data-e-type=\"widget\" data-widget_type=\"shortcode.default\">\n\t\t\t\t<div class=\"elementor-widget-container\">\n\t\t\t\t\t\t\t<div class=\"elementor-shortcode\"><iframe style=\"border: 1px solid #777;\" src=\"https:\/\/indd.adobe.com\/embed\/7abf300b-7fdd-46f7-ab03-205588f42e1f?startpage=1&allowFullscreen=true\" width=\"650px\" height=\"460px\" frameborder=\"0\" allowfullscreen=\"\"><\/iframe><\/div>\n\t\t\t\t\t\t<\/div>\n\t\t\t\t<\/div>\n\t\t\t\t\t<\/div>\n\t\t<\/div>\n\t\t\t\t\t<\/div>\n\t\t<\/section>\n\t\t\t\t<\/div>","protected":false},"excerpt":{"rendered":"<p>What is normal pressure hydrocephalus? Normal pressure hydrocephalus, or NPH, is a condition that affects the drainage of cerebrospinal fluid (CSF) around the brain. This means too much CSF builds up inside the brain&#8217;s ventricles (fluid-filled spaces). The condition mainly affects older people and symptoms can include:\u00a0 Problems with walking Memory loss and cognitive impairment [&hellip;]<\/p>\n","protected":false},"author":5,"featured_media":0,"parent":0,"menu_order":0,"comment_status":"closed","ping_status":"closed","template":"","meta":{"_coblocks_attr":"","_coblocks_dimensions":"","_coblocks_responsive_height":"","_coblocks_accordion_ie_support":"","site-sidebar-layout":"default","site-content-layout":"","ast-site-content-layout":"default","site-content-style":"default","site-sidebar-style":"default","ast-global-header-display":"","ast-banner-title-visibility":"","ast-main-header-display":"","ast-hfb-above-header-display":"","ast-hfb-below-header-display":"","ast-hfb-mobile-header-display":"","site-post-title":"","ast-breadcrumbs-content":"","ast-featured-img":"","footer-sml-layout":"","ast-disable-related-posts":"","theme-transparent-header-meta":"","adv-header-id-meta":"","stick-header-meta":"","header-above-stick-meta":"","header-main-stick-meta":"","header-below-stick-meta":"","astra-migrate-meta-layouts":"default","ast-page-background-enabled":"default","ast-page-background-meta":{"desktop":{"background-color":"var(--ast-global-color-4)","background-image":"","background-repeat":"repeat","background-position":"center center","background-size":"auto","background-attachment":"scroll","background-type":"","background-media":"","overlay-type":"","overlay-color":"","overlay-opacity":"","overlay-gradient":""},"tablet":{"background-color":"","background-image":"","background-repeat":"repeat","background-position":"center center","background-size":"auto","background-attachment":"scroll","background-type":"","background-media":"","overlay-type":"","overlay-color":"","overlay-opacity":"","overlay-gradient":""},"mobile":{"background-color":"","background-image":"","background-repeat":"repeat","background-position":"center center","background-size":"auto","background-attachment":"scroll","background-type":"","background-media":"","overlay-type":"","overlay-color":"","overlay-opacity":"","overlay-gradient":""}},"ast-content-background-meta":{"desktop":{"background-color":"var(--ast-global-color-5)","background-image":"","background-repeat":"repeat","background-position":"center center","background-size":"auto","background-attachment":"scroll","background-type":"","background-media":"","overlay-type":"","overlay-color":"","overlay-opacity":"","overlay-gradient":""},"tablet":{"background-color":"var(--ast-global-color-5)","background-image":"","background-repeat":"repeat","background-position":"center center","background-size":"auto","background-attachment":"scroll","background-type":"","background-media":"","overlay-type":"","overlay-color":"","overlay-opacity":"","overlay-gradient":""},"mobile":{"background-color":"var(--ast-global-color-5)","background-image":"","background-repeat":"repeat","background-position":"center center","background-size":"auto","background-attachment":"scroll","background-type":"","background-media":"","overlay-type":"","overlay-color":"","overlay-opacity":"","overlay-gradient":""}},"footnotes":""},"class_list":["post-778","page","type-page","status-publish","hentry"],"aioseo_notices":[],"_links":{"self":[{"href":"https:\/\/revertproject.org\/fr\/wp-json\/wp\/v2\/pages\/778","targetHints":{"allow":["GET"]}}],"collection":[{"href":"https:\/\/revertproject.org\/fr\/wp-json\/wp\/v2\/pages"}],"about":[{"href":"https:\/\/revertproject.org\/fr\/wp-json\/wp\/v2\/types\/page"}],"author":[{"embeddable":true,"href":"https:\/\/revertproject.org\/fr\/wp-json\/wp\/v2\/users\/5"}],"replies":[{"embeddable":true,"href":"https:\/\/revertproject.org\/fr\/wp-json\/wp\/v2\/comments?post=778"}],"version-history":[{"count":10,"href":"https:\/\/revertproject.org\/fr\/wp-json\/wp\/v2\/pages\/778\/revisions"}],"predecessor-version":[{"id":2374,"href":"https:\/\/revertproject.org\/fr\/wp-json\/wp\/v2\/pages\/778\/revisions\/2374"}],"wp:attachment":[{"href":"https:\/\/revertproject.org\/fr\/wp-json\/wp\/v2\/media?parent=778"}],"curies":[{"name":"wp","href":"https:\/\/api.w.org\/{rel}","templated":true}]}}