{"id":63,"date":"2021-03-26T15:18:17","date_gmt":"2021-03-26T15:18:17","guid":{"rendered":"https:\/\/axd.f94.myftpupload.com\/?page_id=63"},"modified":"2022-02-04T09:54:04","modified_gmt":"2022-02-04T09:54:04","slug":"health-professionals","status":"publish","type":"page","link":"https:\/\/revertproject.org\/fr\/health-professionals\/","title":{"rendered":"PROFESSIONNELS DE SANT\u00c9"},"content":{"rendered":"<div data-elementor-type=\"wp-page\" data-elementor-id=\"63\" class=\"elementor elementor-63\" data-elementor-post-type=\"page\">\n\t\t\t\t\t\t<section class=\"elementor-section elementor-top-section elementor-element elementor-element-3dc695bf elementor-section-boxed elementor-section-height-default elementor-section-height-default\" data-id=\"3dc695bf\" data-element_type=\"section\" data-e-type=\"section\">\n\t\t\t\t\t\t<div class=\"elementor-container elementor-column-gap-default\">\n\t\t\t\t\t<div class=\"elementor-column elementor-col-100 elementor-top-column elementor-element elementor-element-18c6e995\" data-id=\"18c6e995\" data-element_type=\"column\" data-e-type=\"column\">\n\t\t\t<div class=\"elementor-widget-wrap elementor-element-populated\">\n\t\t\t\t\t\t<div class=\"elementor-element elementor-element-3d5346e5 elementor-widget elementor-widget-text-editor\" data-id=\"3d5346e5\" data-element_type=\"widget\" data-e-type=\"widget\" data-widget_type=\"text-editor.default\">\n\t\t\t\t<div class=\"elementor-widget-container\">\n\t\t\t\t\t\t\t\t\t<p><\/p>\n<h2><strong>Les d\u00e9fis de l'hydroc\u00e9phalie \u00ab \u00e0 pression normale \u00bb <\/strong><\/h2>\n<p><\/p>\n<p><span style=\"font-weight: 400;\">L'hydroc\u00e9phalie active (ou encore \u00ab \u00e0 pression normale \u00bb), l\u2019HA, est un d\u00e9fi diagnostique et th\u00e9rapeutique car dans plus de deux tiers des cas, aucune cause sous-jacente n'est identifi\u00e9e. En outre, les cas d'HA secondaire (par exemple, apr\u00e8s une m\u00e9ningite ou un traumatisme) sont sous-estim\u00e9s en raison du manque d'outils de diagnostic robustes.\u00a0<\/span><\/p>\n<h2><b>Sous-diagnostiqu\u00e9e et sous-trait\u00e9e<\/b><\/h2>\n<p><span style=\"font-weight: 400;\">Les donn\u00e9es montrent que l\u2019HA est sous-diagnostiqu\u00e9e et sous-trait\u00e9e au Royaume-Uni et en France, ce qui entra\u00eene des probl\u00e8mes de sant\u00e9 et des co\u00fbts \u00e9vitables. C'est un probl\u00e8me particuli\u00e8rement difficile chez les personnes \u00e2g\u00e9es, qui sont susceptibles d'avoir de multiples comorbidit\u00e9s concomitantes. En outre, il n'existe actuellement aucune directive europ\u00e9enne pour une gestion optimale de l\u2019HA.\u00a0<\/span><\/p>\n<p><span style=\"font-weight: 400;\">REVERT am\u00e9liore le taux de diagnostic de l\u2019HA, ce qui aidera \u00e0 inverser les sympt\u00f4mes de d\u00e9mence associ\u00e9s chez de nombreux patients dans la r\u00e9gion du projet.<\/span><\/p>\n<h2><b>Quelles sont les m\u00e9thodes de diagnostic utilis\u00e9es par REVERT ?<\/b><\/h2>\n<p><b>Test d\u2019infusion lombaire du LCS<br \/><\/b><b><span style=\"font-weight: 400;\">D\u00e9velopp\u00e9 et promu par l'Universit\u00e9 de Cambridge <\/span><span style=\"font-weight: 400;\">and Cambridge University Hospitals<\/span><span style=\"font-weight: 400;\">, <\/span><span style=\"font-weight: 400;\">le test d'infusion\u00a0<\/span><span style=\"font-weight: 400;\">\u00e0 taux constant et assist\u00e9 par ordinateur fait partie des directives nationales de bonne pratique pour diagnostiquer l\u2019hydroc\u00e9phalie active (NICE - National Institute of Clinical Excellence, Royaume-Uni), mais il reste sous-utilis\u00e9 par rapport \u00e0 l'\u00e9valuation clinique isol\u00e9e.<\/span><\/b><\/p>\n<p><span style=\"font-weight: 400;\">Le test peut \u00e9galement \u00eatre utilis\u00e9 pour \u00e9valuer les performances des d\u00e9rivations d\u00e9j\u00e0 implant\u00e9es, ce qui permet d'\u00e9viter des op\u00e9rations de r\u00e9vision non n\u00e9cessaires.<\/span><\/p>\n<p><b>Imagerie par r\u00e9sonance magn\u00e9tique \u00e0 contraste de phase (IRM-CP)<\/b><b><br \/><\/b><span style=\"font-weight: 400;\">L'Universit\u00e9 de Picardie Jules Verne et le CHU d'Amiens ont \u00e9t\u00e9 les pionniers de l'analyse par IRM-CP des flux de LCS et de sang pour le diagnostic de l'hydroc\u00e9phalie. Cette technique non invasive permet de mesurer avec pr\u00e9cision le mouvement du sang et du LCS qui entre et qui sort du cr\u00e2ne le temps d'un battement de c\u0153ur. Une partie du travail de REVERT est consacr\u00e9e \u00e0 la combinaison des mesures de flux de l'IRM-CP\u00a0<\/span><span style=\"font-weight: 400;\">avec les enregistrements de pression du test d'infusion afin d'augmenter le pouvoir pr\u00e9dictif du test combin\u00e9 pour s\u00e9lectionner des candidats au traitement appropri\u00e9s.\u00a0<\/span><\/p>\n<p><span style=\"font-weight: 400;\">REVERT forme les partenaires du projet aux tests d'infusion et \u00e0 l'analyse IRM-CP, en recueillant des donn\u00e9es et des exp\u00e9riences pour \u00e9tendre leur utilisation \u00e0 d'autres h\u00f4pitaux au-del\u00e0 des r\u00e9gions du projet.<\/span><\/p>\n<h2><b>Orientation des patients atteints d'hydroc\u00e9phalie<\/b><\/h2>\n<p><span style=\"font-weight: 400;\">L'expertise en mati\u00e8re de HA est centr\u00e9e sur les centres neuroscientifiques sp\u00e9cialistes, et de nombreux obstacles emp\u00eachent l'orientation en temps voulu des patients potentiels atteints de HA depuis la communaut\u00e9 ou les centres secondaires. La plateforme Orion d\u00e9velopp\u00e9e par Obex Technologies a rationalis\u00e9 les orientations vers un neurochirurgien dans l'Est de l'Angleterre au cours des 10 derni\u00e8res ann\u00e9es, et il a r\u00e9cemment \u00e9t\u00e9 d\u00e9montr\u00e9 qu'elle r\u00e9duisait le temps entre le diagnostic et l\u2019orientation vers un sp\u00e9cialiste pour les patients atteints de tumeurs c\u00e9r\u00e9brales.<\/span><\/p>\n<p><span style=\"font-weight: 400;\">REVERT s'appuie sur ces r\u00e9sultats avec une plateforme web d\u00e9di\u00e9e \u00e0 la gestion de l'hydroc\u00e9phalie, d\u00e9velopp\u00e9e par Obex Technologies.\u00a0<\/span><\/p>\n<h2><b>Comment REVERT am\u00e9liore le diagnostic et le traitement de la HA<\/b><\/h2>\n<p><span style=\"font-weight: 400;\">Nous tirons le meilleur parti de l'expertise combin\u00e9e et des innovations des partenaires REVERT pour transformer le parcours de soins actuel de la HA dans la r\u00e9gion, y compris l'orientation rapide vers un sp\u00e9cialiste, le diagnostic pr\u00e9cis, le suivi des r\u00e9sultats du traitement et le soutien aux recherches futures.\u00a0<\/span><\/p>\n<p><span style=\"font-weight: 400;\">L'\u00e9quipe REVERT :\u00a0<\/span><\/p>\n<ul>\n<li style=\"font-weight: 400;\" aria-level=\"1\"><span style=\"font-weight: 400;\">Mis en \u0153uvre de nouvelles approches et directives de diagnostic dans les h\u00f4pitaux partenaires<\/span> <span style=\"font-weight: 400;\">(Nord, Nord-Ouest de la France, Sud et Sud-Est du Royaume-Uni),\u00a0<\/span><span style=\"font-weight: 400;\">et cherchera \u00e0 les \u00e9tendre \u00e0 d'autres centres au-del\u00e0 de la zone du projet.<\/span><\/li>\n<li style=\"font-weight: 400;\" aria-level=\"1\"><span style=\"font-weight: 400;\">D\u00e9veloppe une plateforme de gestion de l'hydroc\u00e9phalie bas\u00e9e sur le Web pour permettre la diffusion rapide et l'\u00e9valuation \u00e0 long terme des techniques de diagnostic, mais aussi pour s'assurer que les cas suspects d'HA sont rapidement orient\u00e9s vers un centre sp\u00e9cialiste pour \u00e9valuation.<\/span><\/li>\n<li style=\"font-weight: 400;\" aria-level=\"1\"><span style=\"font-weight: 400;\">D\u00e9veloppe de nouvelles m\u00e9thodes pour am\u00e9liorer la pr\u00e9cision et la robustesse des tests de diagnostic.<\/span><\/li>\n<\/ul>\n<h2><b>Partage des meilleures pratiques au-del\u00e0 des fronti\u00e8res<\/b><\/h2>\n<p><span style=\"font-weight: 400;\">En partageant les meilleures pratiques entre les partenaires en France et au Royaume-Uni, nous \u00e9tablirons la premi\u00e8re \u00e9tape cruciale d'une diffusion plus large des diagnostics avanc\u00e9s de l'hydroc\u00e9phalie dans la zone du projet, dans l'UE et au niveau international.<\/span><\/p>\n<p><\/p>\t\t\t\t\t\t\t\t<\/div>\n\t\t\t\t<\/div>\n\t\t\t\t\t<\/div>\n\t\t<\/div>\n\t\t\t\t\t<\/div>\n\t\t<\/section>\n\t\t\t\t<\/div>","protected":false},"excerpt":{"rendered":"<p>Challenges of Normal Pressure Hydrocephalus Normal pressure hydrocephalus (NPH) is a diagnostic and therapeutic challenge because in over two-thirds of cases, no underlying cause is identified. In addition, cases of secondary NPH (e.g. after meningitis or trauma) are underestimated due to a lack of robust diagnostic tools.\u00a0 Under-diagnosed and under-treated Evidence shows that NPH is [&hellip;]<\/p>\n","protected":false},"author":1,"featured_media":0,"parent":0,"menu_order":0,"comment_status":"closed","ping_status":"closed","template":"","meta":{"_coblocks_attr":"","_coblocks_dimensions":"","_coblocks_responsive_height":"","_coblocks_accordion_ie_support":"","site-sidebar-layout":"default","site-content-layout":"","ast-site-content-layout":"default","site-content-style":"default","site-sidebar-style":"default","ast-global-header-display":"","ast-banner-title-visibility":"","ast-main-header-display":"","ast-hfb-above-header-display":"","ast-hfb-below-header-display":"","ast-hfb-mobile-header-display":"","site-post-title":"","ast-breadcrumbs-content":"","ast-featured-img":"","footer-sml-layout":"","ast-disable-related-posts":"","theme-transparent-header-meta":"","adv-header-id-meta":"","stick-header-meta":"","header-above-stick-meta":"","header-main-stick-meta":"","header-below-stick-meta":"","astra-migrate-meta-layouts":"default","ast-page-background-enabled":"default","ast-page-background-meta":{"desktop":{"background-color":"var(--ast-global-color-4)","background-image":"","background-repeat":"repeat","background-position":"center center","background-size":"auto","background-attachment":"scroll","background-type":"","background-media":"","overlay-type":"","overlay-color":"","overlay-opacity":"","overlay-gradient":""},"tablet":{"background-color":"","background-image":"","background-repeat":"repeat","background-position":"center center","background-size":"auto","background-attachment":"scroll","background-type":"","background-media":"","overlay-type":"","overlay-color":"","overlay-opacity":"","overlay-gradient":""},"mobile":{"background-color":"","background-image":"","background-repeat":"repeat","background-position":"center center","background-size":"auto","background-attachment":"scroll","background-type":"","background-media":"","overlay-type":"","overlay-color":"","overlay-opacity":"","overlay-gradient":""}},"ast-content-background-meta":{"desktop":{"background-color":"var(--ast-global-color-5)","background-image":"","background-repeat":"repeat","background-position":"center center","background-size":"auto","background-attachment":"scroll","background-type":"","background-media":"","overlay-type":"","overlay-color":"","overlay-opacity":"","overlay-gradient":""},"tablet":{"background-color":"var(--ast-global-color-5)","background-image":"","background-repeat":"repeat","background-position":"center center","background-size":"auto","background-attachment":"scroll","background-type":"","background-media":"","overlay-type":"","overlay-color":"","overlay-opacity":"","overlay-gradient":""},"mobile":{"background-color":"var(--ast-global-color-5)","background-image":"","background-repeat":"repeat","background-position":"center center","background-size":"auto","background-attachment":"scroll","background-type":"","background-media":"","overlay-type":"","overlay-color":"","overlay-opacity":"","overlay-gradient":""}},"footnotes":""},"class_list":["post-63","page","type-page","status-publish","hentry"],"aioseo_notices":[],"_links":{"self":[{"href":"https:\/\/revertproject.org\/fr\/wp-json\/wp\/v2\/pages\/63","targetHints":{"allow":["GET"]}}],"collection":[{"href":"https:\/\/revertproject.org\/fr\/wp-json\/wp\/v2\/pages"}],"about":[{"href":"https:\/\/revertproject.org\/fr\/wp-json\/wp\/v2\/types\/page"}],"author":[{"embeddable":true,"href":"https:\/\/revertproject.org\/fr\/wp-json\/wp\/v2\/users\/1"}],"replies":[{"embeddable":true,"href":"https:\/\/revertproject.org\/fr\/wp-json\/wp\/v2\/comments?post=63"}],"version-history":[{"count":0,"href":"https:\/\/revertproject.org\/fr\/wp-json\/wp\/v2\/pages\/63\/revisions"}],"wp:attachment":[{"href":"https:\/\/revertproject.org\/fr\/wp-json\/wp\/v2\/media?parent=63"}],"curies":[{"name":"wp","href":"https:\/\/api.w.org\/{rel}","templated":true}]}}