{"id":47,"date":"2021-03-23T02:54:00","date_gmt":"2021-03-23T02:54:00","guid":{"rendered":"https:\/\/axd.f94.myftpupload.com\/?page_id=47"},"modified":"2024-04-11T14:10:18","modified_gmt":"2024-04-11T14:10:18","slug":"event","status":"publish","type":"page","link":"https:\/\/revertproject.org\/fr\/event\/","title":{"rendered":"\u00c9V\u00c8NEMENTS"},"content":{"rendered":"<div data-elementor-type=\"wp-page\" data-elementor-id=\"47\" class=\"elementor elementor-47\" data-elementor-post-type=\"page\">\n\t\t\t\t\t\t<section class=\"elementor-section elementor-top-section elementor-element elementor-element-7d6db6a2 elementor-section-boxed elementor-section-height-default elementor-section-height-default\" data-id=\"7d6db6a2\" data-element_type=\"section\" data-e-type=\"section\">\n\t\t\t\t\t\t<div class=\"elementor-container elementor-column-gap-default\">\n\t\t\t\t\t<div class=\"elementor-column elementor-col-100 elementor-top-column elementor-element elementor-element-33c013ca\" data-id=\"33c013ca\" data-element_type=\"column\" data-e-type=\"column\">\n\t\t\t<div class=\"elementor-widget-wrap elementor-element-populated\">\n\t\t\t\t\t\t<div class=\"elementor-element elementor-element-e957af4 elementor-widget elementor-widget-text-editor\" data-id=\"e957af4\" data-element_type=\"widget\" data-e-type=\"widget\" data-widget_type=\"text-editor.default\">\n\t\t\t\t<div class=\"elementor-widget-container\">\n\t\t\t\t\t\t\t\t\t<p><\/p>\n<h1 class=\"wp-block-heading\">La r\u00e9union de lancement de REVERT<\/h1>\n<p><\/p>\n<p><\/p>\n<p>Notre table ronde sur l'hydroc\u00e9phalie a eu lieu le <strong>25 Juin 2021<\/strong>.<\/p>\n<p><\/p>\n<p><\/p>\n<p><strong>Nous avons mis en ligne la plupart des enregistrements vid\u00e9o de l'\u00e9v\u00e9nement<\/strong> et vous pouvez les regarder ci-dessous.<\/p>\n<p><\/p>\n<p><\/p>\n<p>Cette page <strong>table ronde<\/strong> a marqu\u00e9 le d\u00e9but officiel du projet REVERT. Il s'adresse aux professionnels de la sant\u00e9, m\u00e9decins et infirmiers, impliqu\u00e9s dans la prise en charge des patients atteints de d\u00e9mence et plus particuli\u00e8rement d'hydroc\u00e9phalie, mais il vise \u00e9galement \u00e0 toucher les personnes qui se trouvent au c\u0153ur m\u00eame de cette maladie d\u00e9bilitante : les patients et leurs soignants.<\/p>\n<p><\/p>\n<p><\/p>\n<p>Elle est divis\u00e9e en 4 sections : une br\u00e8ve introduction, une partie scientifique, une partie pratique et une session o\u00f9 les partenaires de REVERT pourront parler de leur r\u00f4le dans le projet. Tous les expos\u00e9s sont pr\u00e9sent\u00e9s en anglais \u00e0 un niveau accessible aux non-sp\u00e9cialistes et une traduction simultan\u00e9e est assur\u00e9e pour les expos\u00e9s.<\/p>\n<p><\/p>\n<p><\/p>\n<h3 class=\"wp-block-heading\">Introduction<\/h3>\n<p><\/p>\n<p><\/p>\n<p>Pr\u00e9sident : Dr Olivier Bal\u00e9dent (Universit\u00e9 de Picardie Jules Verne)<\/p>\n<p><\/p>\n<p><\/p>\n<p><strong>Agi Musset du Secretariat Conjoint d'Interreg<\/strong>: Programme europ\u00e9en Interreg<\/p>\n<p><\/p>\n<p><\/p>\n<p><strong>Dr Peter Smielewski (University of Cambridge):<\/strong> Introduction au projet REVERT<\/p>\n<p><\/p>\n<p><\/p>\n<div class=\"wp-block-coblocks-accordion\">\n<p><\/p>\n<div class=\"wp-block-coblocks-accordion-item\">\n<details>\n<summary class=\"wp-block-coblocks-accordion-item__title\">Video<\/summary>\n<div class=\"wp-block-coblocks-accordion-item__content\">\n<p><\/p>\n<figure class=\"wp-block-embed is-type-video is-provider-vimeo wp-block-embed-vimeo wp-embed-aspect-16-9 wp-has-aspect-ratio\">\n<div class=\"wp-block-embed__wrapper\">\n<iframe title=\"REVERT Kick-Off Meeting: Introducing the reversible dementia project\" src=\"https:\/\/player.vimeo.com\/video\/574030639?dnt=1&amp;app_id=122963\" width=\"500\" height=\"281\" frameborder=\"0\" allow=\"autoplay; fullscreen; picture-in-picture; clipboard-write\"><\/iframe>\n<\/div>\n<\/figure>\n<p><\/p>\n<\/div>\n<\/details>\n<\/div>\n<p><\/p>\n<\/div>\n<p><\/p>\n<p><\/p>\n<h3 class=\"wp-block-heading\">La session scientifique (intervenants invit\u00e9s)<\/h3>\n<p><\/p>\n<p><\/p>\n<p>Chair: Professor John D. Pickard (Professor Emeritus, University of Cambridge)<\/p>\n<p><\/p>\n<p><\/p>\n<p><strong>Prof. John D. Pickard (University of Cambridge)<\/strong>: Physiopathologie de la circulation du liquide c\u00e9r\u00e9brospinal dans l'hydroc\u00e9phalie \u00e0 pression normale<\/p>\n<p><\/p>\n<p><\/p>\n<div class=\"wp-block-coblocks-accordion\">\n<p><\/p>\n<div class=\"wp-block-coblocks-accordion-item\">\n<details>\n<summary class=\"wp-block-coblocks-accordion-item__title\">Video<\/summary>\n<div class=\"wp-block-coblocks-accordion-item__content\">\n<p><\/p>\n<figure class=\"wp-block-embed is-type-video is-provider-vimeo wp-block-embed-vimeo\">\n<div class=\"wp-block-embed__wrapper\">\n<iframe title=\"REVERT Kick-Off: Prof John Pickard - Pathophysiology of CSF Circulation in NPH\" src=\"https:\/\/player.vimeo.com\/video\/569910458?dnt=1&amp;app_id=122963\" width=\"500\" height=\"176\" frameborder=\"0\" allow=\"autoplay; fullscreen; picture-in-picture; clipboard-write\"><\/iframe>\n<\/div>\n<\/figure>\n<p><\/p>\n<p><\/p>\n<p>Version fran\u00e7aise:<\/p>\n<p><\/p>\n<p><\/p>\n<figure class=\"wp-block-embed is-type-video is-provider-vimeo wp-block-embed-vimeo\">\n<div class=\"wp-block-embed__wrapper\">\n<iframe title=\"REVERT Kick-Off: Prof John Pickard - Pathophysiology of CSF circulation in NPH (French Audio)\" src=\"https:\/\/player.vimeo.com\/video\/570190804?dnt=1&amp;app_id=122963\" width=\"500\" height=\"175\" frameborder=\"0\" allow=\"autoplay; fullscreen; picture-in-picture; clipboard-write\"><\/iframe>\n<\/div>\n<\/figure>\n<p><\/p>\n<\/div>\n<\/details>\n<\/div>\n<p><\/p>\n<\/div>\n<p><\/p>\n<p><\/p>\n<p><strong>Prof. Noam Alperin (Universit\u00e9 de Miami)<\/strong>: L'origine de la pulsation du LCS et l'application pr\u00e9coce de l'estimation non invasive de la pression intracr\u00e2nienne par IRM dans l'hydroc\u00e9phalie<\/p>\n<p><\/p>\n<p><\/p>\n<div class=\"wp-block-coblocks-accordion\">\n<p><\/p>\n<div class=\"wp-block-coblocks-accordion-item\">\n<details>\n<summary class=\"wp-block-coblocks-accordion-item__title\">Video<\/summary>\n<div class=\"wp-block-coblocks-accordion-item__content\">\n<p><\/p>\n<figure class=\"wp-block-embed is-type-video is-provider-vimeo wp-block-embed-vimeo wp-embed-aspect-16-9 wp-has-aspect-ratio\">\n<div class=\"wp-block-embed__wrapper\">\n<iframe title=\"REVERT Kick-Off: Prof Alperin - Early Application of Non-invasive Intracranial Pressure Estimation\" src=\"https:\/\/player.vimeo.com\/video\/571553985?dnt=1&amp;app_id=122963\" width=\"500\" height=\"281\" frameborder=\"0\" allow=\"autoplay; fullscreen; picture-in-picture; clipboard-write\"><\/iframe>\n<\/div>\n<\/figure>\n<p><\/p>\n<p><\/p>\n<p>Version fran\u00e7aise:<\/p>\n<p><\/p>\n<p><\/p>\n<figure class=\"wp-block-embed is-type-video is-provider-vimeo wp-block-embed-vimeo wp-embed-aspect-16-9 wp-has-aspect-ratio\">\n<div class=\"wp-block-embed__wrapper\">\n<iframe title=\"REVERT Kick-Off Prof Alperin - Early Application of Non-invasive Intracranial Pressure Estimation (FRENCH AUDIO).mp4\" src=\"https:\/\/player.vimeo.com\/video\/571557737?dnt=1&amp;app_id=122963\" width=\"500\" height=\"281\" frameborder=\"0\" allow=\"autoplay; fullscreen; picture-in-picture; clipboard-write\"><\/iframe>\n<\/div>\n<\/figure>\n<p><\/p>\n<\/div>\n<\/details>\n<\/div>\n<p><\/p>\n<\/div>\n<p><\/p>\n<p><\/p>\n<p><strong>Prof. Anders Eklund (Universit\u00e9 d'Ume\u00e5)<\/strong>: Dynamique de la pression dans l'hydroc\u00e9phalie \u00e0 pression normale<\/p>\n<p><\/p>\n<p><\/p>\n<div class=\"wp-block-coblocks-accordion\">\n<p><\/p>\n<div class=\"wp-block-coblocks-accordion-item\">\n<details>\n<summary class=\"wp-block-coblocks-accordion-item__title\">Video<\/summary>\n<div class=\"wp-block-coblocks-accordion-item__content\">\n<p><\/p>\n<figure class=\"wp-block-embed is-type-video is-provider-vimeo wp-block-embed-vimeo wp-embed-aspect-18-9 wp-has-aspect-ratio\">\n<div class=\"wp-block-embed__wrapper\">\n<iframe title=\"REVERT Kick-Off: Prof Anders Eklund - Pressure Dynamics in NPH\" src=\"https:\/\/player.vimeo.com\/video\/569922810?dnt=1&amp;app_id=122963\" width=\"500\" height=\"246\" frameborder=\"0\" allow=\"autoplay; fullscreen; picture-in-picture; clipboard-write\"><\/iframe>\n<\/div>\n<\/figure>\n<p><\/p>\n<p><\/p>\n<p>Version fran\u00e7aise:<\/p>\n<p><\/p>\n<p><\/p>\n<figure class=\"wp-block-embed is-type-video is-provider-vimeo wp-block-embed-vimeo wp-embed-aspect-18-9 wp-has-aspect-ratio\">\n<div class=\"wp-block-embed__wrapper\">\n<iframe title=\"REVERT Kick-Off: Prof Anders Eklund - Pressure dynamics in Normal Pressure Hydrocephalus (French audio)\" src=\"https:\/\/player.vimeo.com\/video\/570190773?dnt=1&amp;app_id=122963\" width=\"500\" height=\"245\" frameborder=\"0\" allow=\"autoplay; fullscreen; picture-in-picture; clipboard-write\"><\/iframe>\n<\/div>\n<\/figure>\n<p><\/p>\n<\/div>\n<\/details>\n<\/div>\n<p><\/p>\n<\/div>\n<p><\/p>\n<p><\/p>\n<p><strong><strong>Dr Eric Schmidt (Universit\u00e9 de Toulouse)<\/strong>: <\/strong>D\u00e9mence et hydroc\u00e9phalie \u00e0 pression normale dans le vieillissement<\/p>\n<p><\/p>\n<p><\/p>\n<div class=\"wp-block-coblocks-accordion\">\n<p><\/p>\n<div class=\"wp-block-coblocks-accordion-item\">\n<details>\n<summary class=\"wp-block-coblocks-accordion-item__title\">Video<\/summary>\n<div class=\"wp-block-coblocks-accordion-item__content\">\n<p><\/p>\n<figure class=\"wp-block-embed is-type-video is-provider-vimeo wp-block-embed-vimeo wp-embed-aspect-16-9 wp-has-aspect-ratio\">\n<div class=\"wp-block-embed__wrapper\">\n<iframe title=\"REVERT Kick-Off: Dr Eric Schmidt - Dementia and Normal Pressure Hydrocephalus in Ageing\" src=\"https:\/\/player.vimeo.com\/video\/569918315?dnt=1&amp;app_id=122963\" width=\"500\" height=\"276\" frameborder=\"0\" allow=\"autoplay; fullscreen; picture-in-picture; clipboard-write\"><\/iframe>\n<\/div>\n<\/figure>\n<p><\/p>\n<p><\/p>\n<p>Version fran\u00e7aise:<\/p>\n<p><\/p>\n<p><\/p>\n<figure class=\"wp-block-embed is-type-video is-provider-vimeo wp-block-embed-vimeo wp-embed-aspect-16-9 wp-has-aspect-ratio\">\n<div class=\"wp-block-embed__wrapper\">\n<iframe title=\"REVERT Kick-off: Dr Schmidt - Dementia and Normal Pressure Hydrocephalus in ageing (French audio)\" src=\"https:\/\/player.vimeo.com\/video\/570190698?dnt=1&amp;app_id=122963\" width=\"500\" height=\"281\" frameborder=\"0\" allow=\"autoplay; fullscreen; picture-in-picture; clipboard-write\"><\/iframe>\n<\/div>\n<\/figure>\n<p><\/p>\n<\/div>\n<\/details>\n<\/div>\n<p><\/p>\n<\/div>\n<p><\/p>\n<p><\/p>\n<h3 class=\"wp-block-heading\">La perspective pratique<\/h3>\n<p><\/p>\n<p><\/p>\n<p>Pr\u00e9sident : Professeur Romuald Seizeur (CHU de Brest)<\/p>\n<p><\/p>\n<p><\/p>\n<p><strong>Un patient HPN<\/strong>: Le point de vue d'un patient<\/p>\n<p><\/p>\n<p><\/p>\n<p><strong>Dr Alexis Joannides (H\u00f4pitaux Universitaires de Cambridge)<\/strong>: Une perspective clinique<\/p>\n<p><\/p>\n<p><\/p>\n<div class=\"wp-block-coblocks-accordion\">\n<p><\/p>\n<div class=\"wp-block-coblocks-accordion-item\">\n<details>\n<summary class=\"wp-block-coblocks-accordion-item__title\">Video<\/summary>\n<div class=\"wp-block-coblocks-accordion-item__content\">\n<p><\/p>\n<figure class=\"wp-block-embed is-type-video is-provider-vimeo wp-block-embed-vimeo wp-embed-aspect-18-9 wp-has-aspect-ratio\">\n<div class=\"wp-block-embed__wrapper\">\n<iframe title=\"REVERT Kick-Off: Mr Alexis Joannides - A Clinical Perspective\" src=\"https:\/\/player.vimeo.com\/video\/569923814?dnt=1&amp;app_id=122963\" width=\"500\" height=\"246\" frameborder=\"0\" allow=\"autoplay; fullscreen; picture-in-picture; clipboard-write\"><\/iframe>\n<\/div>\n<\/figure>\n<p><\/p>\n<p><\/p>\n<p>Version fran\u00e7aise:<\/p>\n<p><\/p>\n<p><\/p>\n<figure class=\"wp-block-embed is-type-video is-provider-vimeo wp-block-embed-vimeo wp-embed-aspect-16-9 wp-has-aspect-ratio\">\n<div class=\"wp-block-embed__wrapper\">\n<iframe title=\"REVERT : Dr Alexis Joannides \u2013 Une perspective clinique (FRENCH audio)\" src=\"https:\/\/player.vimeo.com\/video\/574022445?dnt=1&amp;app_id=122963\" width=\"500\" height=\"281\" frameborder=\"0\" allow=\"autoplay; fullscreen; picture-in-picture; clipboard-write\"><\/iframe>\n<\/div>\n<\/figure>\n<p><\/p>\n<p><\/p>\n<p><\/p>\n<\/div>\n<\/details>\n<\/div>\n<p><\/p>\n<\/div>\n<p><\/p>\n<p><\/p>\n<h3 class=\"wp-block-heading\">Pr\u00e9sentations des membres de l'\u00e9quipe du projet REVERT<\/h3>\n<p><\/p>\n<p><\/p>\n<p>Pr\u00e9sident: Professor Marek Czosnyka (Universit\u00e9 de Cambridge)<\/p>\n<p><\/p>\n<p><\/p>\n<p><strong>Dr Olivier Bal\u00e9dent (Universit\u00e9 de Picardie Jules Verne)<\/strong>: Diagnostic de l'hydroc\u00e9phalie \u00e0 pression normale bas\u00e9 sur l'imagerie par r\u00e9sonance magn\u00e9tique \u00e0 contraste de phase (IRM-PC)<\/p>\n<p><\/p>\n<p><\/p>\n<div class=\"wp-block-coblocks-accordion\">\n<p><\/p>\n<div class=\"wp-block-coblocks-accordion-item\">\n<details>\n<summary class=\"wp-block-coblocks-accordion-item__title\">Video<\/summary>\n<div class=\"wp-block-coblocks-accordion-item__content\">\n<p><\/p>\n<figure class=\"wp-block-embed is-type-video is-provider-vimeo wp-block-embed-vimeo wp-embed-aspect-18-9 wp-has-aspect-ratio\">\n<div class=\"wp-block-embed__wrapper\">\n<iframe title=\"REVERT Kick-Off: Dr Olivier Bal\u00e9dent - PC MRI-based NPH Diagnostics\" src=\"https:\/\/player.vimeo.com\/video\/569924632?dnt=1&amp;app_id=122963\" width=\"500\" height=\"246\" frameborder=\"0\" allow=\"autoplay; fullscreen; picture-in-picture; clipboard-write\"><\/iframe>\n<\/div>\n<\/figure>\n<p><\/p>\n<p><\/p>\n<p>Version fran\u00e7aise:<\/p>\n<p><\/p>\n<p><\/p>\n<figure class=\"wp-block-embed is-type-video is-provider-vimeo wp-block-embed-vimeo wp-embed-aspect-21-9 wp-has-aspect-ratio\">\n<div class=\"wp-block-embed__wrapper\">\n<iframe title=\"REVERT Kick-Off: Dr Olivier Baledent - PC-MRI based  NPH diagnostics in clinical practice (French audio)\" src=\"https:\/\/player.vimeo.com\/video\/570190752?dnt=1&amp;app_id=122963\" width=\"500\" height=\"175\" frameborder=\"0\" allow=\"autoplay; fullscreen; picture-in-picture; clipboard-write\"><\/iframe>\n<\/div>\n<\/figure>\n<p><\/p>\n<\/div>\n<\/details>\n<\/div>\n<p><\/p>\n<\/div>\n<p><\/p>\n<p><\/p>\n<p><strong>Michael Martin (Obex Technologies Ltd)<\/strong>: Syst\u00e8me de r\u00e9f\u00e9rence pour l'hydroc\u00e9phalie et le registre des shunts (d\u00e9rivations)<\/p>\n<p><\/p>\n<p><\/p>\n<div class=\"wp-block-coblocks-accordion\">\n<p><\/p>\n<div class=\"wp-block-coblocks-accordion-item\">\n<details>\n<summary class=\"wp-block-coblocks-accordion-item__title\">Video<\/summary>\n<div class=\"wp-block-coblocks-accordion-item__content\">\n<p><\/p>\n<figure class=\"wp-block-embed is-type-video is-provider-vimeo wp-block-embed-vimeo wp-embed-aspect-21-9 wp-has-aspect-ratio\">\n<div class=\"wp-block-embed__wrapper\">\n<iframe title=\"REVERT Kick-Off: Michael Martin - Hydrocephalus Referral System and the Shunt Registry\" src=\"https:\/\/player.vimeo.com\/video\/570307177?dnt=1&amp;app_id=122963\" width=\"500\" height=\"176\" frameborder=\"0\" allow=\"autoplay; fullscreen; picture-in-picture; clipboard-write\"><\/iframe>\n<\/div>\n<\/figure>\n<p><\/p>\n<p><\/p>\n<p>Version fran\u00e7aise:<\/p>\n<p><\/p>\n<p><\/p>\n<figure class=\"wp-block-embed is-type-video is-provider-vimeo wp-block-embed-vimeo wp-embed-aspect-21-9 wp-has-aspect-ratio\">\n<div class=\"wp-block-embed__wrapper\">\n<iframe title=\"REVERT Kick-off Michael Martin Hydrocephalus Referral System and Shunt Registry (FRENCH AUDIO).mp4\" src=\"https:\/\/player.vimeo.com\/video\/571597026?dnt=1&amp;app_id=122963\" width=\"500\" height=\"176\" frameborder=\"0\" allow=\"autoplay; fullscreen; picture-in-picture; clipboard-write\"><\/iframe>\n<\/div>\n<\/figure>\n<p><\/p>\n<\/div>\n<\/details>\n<\/div>\n<p><\/p>\n<\/div>\n<p><\/p>\n<p><\/p>\n<p><strong>Dr Cyrille Capel (CHU Amiens)<\/strong>: How to implement infusion studies in a Hydrocephalus clinic<\/p>\n<p><\/p>\n<p><\/p>\n<p><strong>Dr Zofia Czosnyka (Universit\u00e9 de Cambridge)<\/strong>: Test de d\u00e9rivation hydroc\u00e9phale in-vivo<\/p>\n<p><\/p>\n<p><\/p>\n<div class=\"wp-block-coblocks-accordion\">\n<p><\/p>\n<div class=\"wp-block-coblocks-accordion-item\">\n<details>\n<summary class=\"wp-block-coblocks-accordion-item__title\">Video<\/summary>\n<div class=\"wp-block-coblocks-accordion-item__content\">\n<p><\/p>\n<figure class=\"wp-block-embed is-type-video is-provider-vimeo wp-block-embed-vimeo wp-embed-aspect-18-9 wp-has-aspect-ratio\">\n<div class=\"wp-block-embed__wrapper\">\n<iframe title=\"REVERT Kick-Off: Dr Zofia Czosnyka - Hydrocephalus Shunt Testing In Vivo\" src=\"https:\/\/player.vimeo.com\/video\/569917303?dnt=1&amp;app_id=122963\" width=\"500\" height=\"245\" frameborder=\"0\" allow=\"autoplay; fullscreen; picture-in-picture; clipboard-write\"><\/iframe>\n<\/div>\n<\/figure>\n<p><\/p>\n<p><\/p>\n<p>Version fran\u00e7aise:<\/p>\n<p><\/p>\n<p><\/p>\n<figure class=\"wp-block-embed is-type-video is-provider-vimeo wp-block-embed-vimeo wp-embed-aspect-16-9 wp-has-aspect-ratio\">\n<div class=\"wp-block-embed__wrapper\">\n<iframe title=\"REVERT Kick-off: Dr Zofia Czosnyka - Hydrocephalus shunt testing in-vivo (French audio)\" src=\"https:\/\/player.vimeo.com\/video\/570190729?dnt=1&amp;app_id=122963\" width=\"500\" height=\"281\" frameborder=\"0\" allow=\"autoplay; fullscreen; picture-in-picture; clipboard-write\"><\/iframe>\n<\/div>\n<\/figure>\n<p><\/p>\n<\/div>\n<\/details>\n<\/div>\n<p><\/p>\n<\/div>\n<p><\/p>\n<p><\/p>\n<p><strong>Dr Olivier Peltre (Universit\u00e9 d'Artois)<\/strong>: The place for Artificial Intelligence in Hydrocephalus diagnostics<\/p>\n<p><\/p>\n<p><\/p>\n<div class=\"wp-block-coblocks-accordion\">\n<p><\/p>\n<div class=\"wp-block-coblocks-accordion-item\">\n<details>\n<summary class=\"wp-block-coblocks-accordion-item__title\">Video<\/summary>\n<div class=\"wp-block-coblocks-accordion-item__content\">\n<p><\/p>\n<figure class=\"wp-block-embed is-type-video is-provider-vimeo wp-block-embed-vimeo wp-embed-aspect-16-9 wp-has-aspect-ratio\">\n<div class=\"wp-block-embed__wrapper\">\n<iframe title=\"REVERT Kick-Off: Dr Olivier Peltre - The Place of AI in Hydrocephalus Diagnosis\" src=\"https:\/\/player.vimeo.com\/video\/569925202?dnt=1&amp;app_id=122963\" width=\"500\" height=\"266\" frameborder=\"0\" allow=\"autoplay; fullscreen; picture-in-picture; clipboard-write\"><\/iframe>\n<\/div>\n<\/figure>\n<p><\/p>\n<p><\/p>\n<p>Version fran\u00e7aise:<\/p>\n<p><\/p>\n<p><\/p>\n<figure class=\"wp-block-embed is-type-video is-provider-vimeo wp-block-embed-vimeo wp-embed-aspect-16-9 wp-has-aspect-ratio\">\n<div class=\"wp-block-embed__wrapper\">\n<iframe title=\"REVERT Kick-off: Dr Olivier Peltre - AI in Hydrocephalus Diagnostics (FRENCH AUDIO)\" src=\"https:\/\/player.vimeo.com\/video\/571560284?dnt=1&amp;app_id=122963\" width=\"500\" height=\"281\" frameborder=\"0\" allow=\"autoplay; fullscreen; picture-in-picture; clipboard-write\"><\/iframe>\n<\/div>\n<\/figure>\n<p><\/p>\n<\/div>\n<\/details>\n<\/div>\n<p><\/p>\n<\/div>\n<p><\/p>\t\t\t\t\t\t\t\t<\/div>\n\t\t\t\t<\/div>\n\t\t\t\t\t<\/div>\n\t\t<\/div>\n\t\t\t\t\t<\/div>\n\t\t<\/section>\n\t\t\t\t<\/div>","protected":false},"excerpt":{"rendered":"<p>The REVERT Kick-Off Meeting We held our hydrocephalus round table on 25 June 2021. We have uploaded many of the video recordings of the event and you&#8217;ll find them below. This round table event marked the official start of the REVERT project. It is aimed at health care professionals, doctors and nurses involved in the [&hellip;]<\/p>\n","protected":false},"author":1,"featured_media":0,"parent":0,"menu_order":0,"comment_status":"closed","ping_status":"closed","template":"","meta":{"_coblocks_attr":"","_coblocks_dimensions":"","_coblocks_responsive_height":"","_coblocks_accordion_ie_support":"","site-sidebar-layout":"default","site-content-layout":"","ast-site-content-layout":"default","site-content-style":"default","site-sidebar-style":"default","ast-global-header-display":"","ast-banner-title-visibility":"","ast-main-header-display":"","ast-hfb-above-header-display":"","ast-hfb-below-header-display":"","ast-hfb-mobile-header-display":"","site-post-title":"","ast-breadcrumbs-content":"","ast-featured-img":"","footer-sml-layout":"","ast-disable-related-posts":"","theme-transparent-header-meta":"","adv-header-id-meta":"","stick-header-meta":"","header-above-stick-meta":"","header-main-stick-meta":"","header-below-stick-meta":"","astra-migrate-meta-layouts":"set","ast-page-background-enabled":"default","ast-page-background-meta":{"desktop":{"background-color":"var(--ast-global-color-4)","background-image":"","background-repeat":"repeat","background-position":"center center","background-size":"auto","background-attachment":"scroll","background-type":"","background-media":"","overlay-type":"","overlay-color":"","overlay-opacity":"","overlay-gradient":""},"tablet":{"background-color":"","background-image":"","background-repeat":"repeat","background-position":"center center","background-size":"auto","background-attachment":"scroll","background-type":"","background-media":"","overlay-type":"","overlay-color":"","overlay-opacity":"","overlay-gradient":""},"mobile":{"background-color":"","background-image":"","background-repeat":"repeat","background-position":"center center","background-size":"auto","background-attachment":"scroll","background-type":"","background-media":"","overlay-type":"","overlay-color":"","overlay-opacity":"","overlay-gradient":""}},"ast-content-background-meta":{"desktop":{"background-color":"var(--ast-global-color-5)","background-image":"","background-repeat":"repeat","background-position":"center center","background-size":"auto","background-attachment":"scroll","background-type":"","background-media":"","overlay-type":"","overlay-color":"","overlay-opacity":"","overlay-gradient":""},"tablet":{"background-color":"var(--ast-global-color-5)","background-image":"","background-repeat":"repeat","background-position":"center center","background-size":"auto","background-attachment":"scroll","background-type":"","background-media":"","overlay-type":"","overlay-color":"","overlay-opacity":"","overlay-gradient":""},"mobile":{"background-color":"var(--ast-global-color-5)","background-image":"","background-repeat":"repeat","background-position":"center center","background-size":"auto","background-attachment":"scroll","background-type":"","background-media":"","overlay-type":"","overlay-color":"","overlay-opacity":"","overlay-gradient":""}},"footnotes":""},"class_list":["post-47","page","type-page","status-publish","hentry"],"aioseo_notices":[],"_links":{"self":[{"href":"https:\/\/revertproject.org\/fr\/wp-json\/wp\/v2\/pages\/47","targetHints":{"allow":["GET"]}}],"collection":[{"href":"https:\/\/revertproject.org\/fr\/wp-json\/wp\/v2\/pages"}],"about":[{"href":"https:\/\/revertproject.org\/fr\/wp-json\/wp\/v2\/types\/page"}],"author":[{"embeddable":true,"href":"https:\/\/revertproject.org\/fr\/wp-json\/wp\/v2\/users\/1"}],"replies":[{"embeddable":true,"href":"https:\/\/revertproject.org\/fr\/wp-json\/wp\/v2\/comments?post=47"}],"version-history":[{"count":5,"href":"https:\/\/revertproject.org\/fr\/wp-json\/wp\/v2\/pages\/47\/revisions"}],"predecessor-version":[{"id":2685,"href":"https:\/\/revertproject.org\/fr\/wp-json\/wp\/v2\/pages\/47\/revisions\/2685"}],"wp:attachment":[{"href":"https:\/\/revertproject.org\/fr\/wp-json\/wp\/v2\/media?parent=47"}],"curies":[{"name":"wp","href":"https:\/\/api.w.org\/{rel}","templated":true}]}}