{"id":146,"date":"2021-03-29T18:44:44","date_gmt":"2021-03-29T18:44:44","guid":{"rendered":"https:\/\/axd.f94.myftpupload.com\/?page_id=146"},"modified":"2022-07-13T09:33:20","modified_gmt":"2022-07-13T09:33:20","slug":"about","status":"publish","type":"page","link":"https:\/\/revertproject.org\/fr\/about\/","title":{"rendered":""},"content":{"rendered":"<div data-elementor-type=\"wp-page\" data-elementor-id=\"146\" class=\"elementor elementor-146\" data-elementor-post-type=\"page\">\n\t\t\t\t\t\t<section class=\"elementor-section elementor-top-section elementor-element elementor-element-24a0e99 elementor-section-boxed elementor-section-height-default elementor-section-height-default\" data-id=\"24a0e99\" data-element_type=\"section\" data-e-type=\"section\">\n\t\t\t\t\t\t<div class=\"elementor-container elementor-column-gap-default\">\n\t\t\t\t\t<div class=\"elementor-column elementor-col-50 elementor-top-column elementor-element elementor-element-e990549\" data-id=\"e990549\" data-element_type=\"column\" data-e-type=\"column\">\n\t\t\t<div class=\"elementor-widget-wrap elementor-element-populated\">\n\t\t\t\t\t\t<div class=\"elementor-element elementor-element-f51973d elementor-widget elementor-widget-text-editor\" data-id=\"f51973d\" data-element_type=\"widget\" data-e-type=\"widget\" data-widget_type=\"text-editor.default\">\n\t\t\t\t<div class=\"elementor-widget-container\">\n\t\t\t\t\t\t\t\t\t<h2 style=\"font-family: Roboto, sans-serif; font-style: normal; color: #003399;\"><span style=\"font-size: 20px; font-weight: bold;\">Qu'est-ce que le projet REVERT ?<\/span><\/h2>\n<p>REVERT est un projet visant \u00e0 r\u00e9pondre aux besoins non satisfaits d\u00e9coulant d'un important d\u00e9fi sanitaire : la d\u00e9mence. La plupart des formes de d\u00e9mence sont incurables, et leur pr\u00e9valence augmente avec l'\u00e2ge.<\/p>\n<p>L'hydroc\u00e9phalie active (HA) est une affection que l'on confond souvent avec la d\u00e9mence. Contrairement aux causes de d\u00e9mence telles que la maladie d'Alzheimer, les sympt\u00f4mes de l'HA sont potentiellement r\u00e9versibles. L'objectif de REVERT est de mettre en \u0153uvre des outils m\u00e9dicaux innovants d\u00e9velopp\u00e9s par les diff\u00e9rents partenaires pour diagnostiquer rapidement et pr\u00e9cis\u00e9ment les patients atteints d'une hydroc\u00e9phalie active dans le cadre d'un parcours de soins int\u00e9gr\u00e9s.<\/p>\t\t\t\t\t\t\t\t<\/div>\n\t\t\t\t<\/div>\n\t\t\t\t<div class=\"elementor-element elementor-element-7ff1d4a elementor-hidden-desktop elementor-hidden-tablet elementor-hidden-mobile elementor-widget elementor-widget-text-editor\" data-id=\"7ff1d4a\" data-element_type=\"widget\" data-e-type=\"widget\" data-widget_type=\"text-editor.default\">\n\t\t\t\t<div class=\"elementor-widget-container\">\n\t\t\t\t\t\t\t\t\t<h2>How will we do this?<\/h2>\n<ul>\n<li>We are combining\u00a0PC-MRI and infusion tests for the first time<\/li>\n<li>We are continuing to develop and train artificial intelligence models to predict xyz<\/li>\n<li>We have established a one-stop multidisciplinary hydrocephalus clinic &#8211; patients at CUH have access to all their hydrocephalus assessment and diagnosis in one clinic, and can be referred for treatment<\/li>\n<li>The hydrocephalus management portal will support patients with hydrocephalus by &#8230;..<\/li>\n<\/ul>\t\t\t\t\t\t\t\t<\/div>\n\t\t\t\t<\/div>\n\t\t\t\t\t<\/div>\n\t\t<\/div>\n\t\t\t\t<div class=\"elementor-column elementor-col-50 elementor-top-column elementor-element elementor-element-9cb456e\" data-id=\"9cb456e\" data-element_type=\"column\" data-e-type=\"column\">\n\t\t\t<div class=\"elementor-widget-wrap elementor-element-populated\">\n\t\t\t\t\t\t<div class=\"elementor-element elementor-element-0ef5f9e elementor-widget elementor-widget-image\" data-id=\"0ef5f9e\" data-element_type=\"widget\" data-e-type=\"widget\" data-widget_type=\"image.default\">\n\t\t\t\t<div class=\"elementor-widget-container\">\n\t\t\t\t\t\t\t\t\t\t\t\t\t\t\t<img fetchpriority=\"high\" decoding=\"async\" width=\"300\" height=\"253\" src=\"https:\/\/revertproject.org\/wp-content\/uploads\/2021\/09\/illustration_ventricles-300x253.png\" class=\"attachment-medium size-medium wp-image-1516\" alt=\"\" srcset=\"https:\/\/revertproject.org\/wp-content\/uploads\/2021\/09\/illustration_ventricles-300x253.png 300w, https:\/\/revertproject.org\/wp-content\/uploads\/2021\/09\/illustration_ventricles-1024x862.png 1024w, https:\/\/revertproject.org\/wp-content\/uploads\/2021\/09\/illustration_ventricles-768x646.png 768w, https:\/\/revertproject.org\/wp-content\/uploads\/2021\/09\/illustration_ventricles-1536x1293.png 1536w, https:\/\/revertproject.org\/wp-content\/uploads\/2021\/09\/illustration_ventricles-14x12.png 14w, https:\/\/revertproject.org\/wp-content\/uploads\/2021\/09\/illustration_ventricles-e1632841668141.png 500w\" sizes=\"(max-width: 300px) 100vw, 300px\" \/>\t\t\t\t\t\t\t\t\t\t\t\t\t\t\t<\/div>\n\t\t\t\t<\/div>\n\t\t\t\t\t<\/div>\n\t\t<\/div>\n\t\t\t\t\t<\/div>\n\t\t<\/section>\n\t\t\t\t<section class=\"elementor-section elementor-top-section elementor-element elementor-element-3fa51228 elementor-section-boxed elementor-section-height-default elementor-section-height-default\" data-id=\"3fa51228\" data-element_type=\"section\" data-e-type=\"section\">\n\t\t\t\t\t\t<div class=\"elementor-container elementor-column-gap-default\">\n\t\t\t\t\t<div class=\"elementor-column elementor-col-100 elementor-top-column elementor-element elementor-element-144bb29c\" data-id=\"144bb29c\" data-element_type=\"column\" data-e-type=\"column\">\n\t\t\t<div class=\"elementor-widget-wrap elementor-element-populated\">\n\t\t\t\t\t\t<div class=\"elementor-element elementor-element-d79aa4 elementor-widget elementor-widget-text-editor\" data-id=\"d79aa4\" data-element_type=\"widget\" data-e-type=\"widget\" data-widget_type=\"text-editor.default\">\n\t\t\t\t<div class=\"elementor-widget-container\">\n\t\t\t\t\t\t\t\t\t<p><\/p>\n<p><\/p>\n<p><\/p>\n<p><\/p>\n<p><\/p>\n<p><\/p>\n<h2 class=\"has-text-color has-medium-font-size\" style=\"color: #003399;\"><strong>Qui participe au projet ?<\/strong><\/h2>\n<p><\/p>\n<p><\/p>\n<p>REVERT est une collaboration transfrontali\u00e8re entre des h\u00f4pitaux, des universit\u00e9s et l'industrie des soins de sant\u00e9. Il est dirig\u00e9 par l'Universit\u00e9 de Cambridge en partenariat avec l'Universit\u00e9 de Picardie Jules Verne et l'Universit\u00e9 d'Artois ; le CHU d'Amiens, le CHU de Brest, le CHU de Caen et les H\u00f4pitaux Universitaires de Cambridge ; et une soci\u00e9t\u00e9 d'informatique m\u00e9dicale, Obex Technologies.<\/p>\n<p><\/p>\n<p><\/p>\n<p><\/p>\n<p><\/p>\n<h2 class=\"has-text-color has-medium-font-size\" style=\"color: #003399;\"><strong>Comment est-il financ\u00e9 ?<\/strong><\/h2>\n<p><\/p>\n<p><\/p>\n<p>REVERT a \u00e9t\u00e9 lanc\u00e9 en octobre 2020 et se poursuivra jusqu'en juin 2023. Il est dot\u00e9 d'un budget de \u20ac3,6 millions dont \u20ac2,5 millions financ\u00e9s par le FEDER (Fonds Europ\u00e9en de D\u00e9veloppement R\u00e9gional) via le programme Interreg France (Channel) England.<\/p>\n<p><\/p>\n<p><\/p>\n<p>\u00a0<\/p>\n<p><\/p>\t\t\t\t\t\t\t\t<\/div>\n\t\t\t\t<\/div>\n\t\t\t\t\t<\/div>\n\t\t<\/div>\n\t\t\t\t\t<\/div>\n\t\t<\/section>\n\t\t\t\t<\/div>","protected":false},"excerpt":{"rendered":"<p>What is the REVERT project? REVERT is a project aiming to address the unmet need arising from an important health challenge: dementia. Most forms of dementia are incurable, and its prevalence increases with age. Normal pressure hydrocephalus (NPH) is a condition that is often mistaken for dementia. Unlike causes of dementia such as Alzheimer\u2019s disease, [&hellip;]<\/p>\n","protected":false},"author":1,"featured_media":0,"parent":0,"menu_order":0,"comment_status":"closed","ping_status":"closed","template":"","meta":{"_coblocks_attr":"Open SansOpen SansTajawalUbuntu,Roboto,,,","_coblocks_dimensions":"","_coblocks_responsive_height":"","_coblocks_accordion_ie_support":"","site-sidebar-layout":"default","site-content-layout":"","ast-site-content-layout":"default","site-content-style":"default","site-sidebar-style":"default","ast-global-header-display":"","ast-banner-title-visibility":"","ast-main-header-display":"","ast-hfb-above-header-display":"","ast-hfb-below-header-display":"","ast-hfb-mobile-header-display":"","site-post-title":"","ast-breadcrumbs-content":"","ast-featured-img":"","footer-sml-layout":"","ast-disable-related-posts":"","theme-transparent-header-meta":"","adv-header-id-meta":"","stick-header-meta":"","header-above-stick-meta":"","header-main-stick-meta":"","header-below-stick-meta":"","astra-migrate-meta-layouts":"default","ast-page-background-enabled":"default","ast-page-background-meta":{"desktop":{"background-color":"var(--ast-global-color-4)","background-image":"","background-repeat":"repeat","background-position":"center center","background-size":"auto","background-attachment":"scroll","background-type":"","background-media":"","overlay-type":"","overlay-color":"","overlay-opacity":"","overlay-gradient":""},"tablet":{"background-color":"","background-image":"","background-repeat":"repeat","background-position":"center center","background-size":"auto","background-attachment":"scroll","background-type":"","background-media":"","overlay-type":"","overlay-color":"","overlay-opacity":"","overlay-gradient":""},"mobile":{"background-color":"","background-image":"","background-repeat":"repeat","background-position":"center center","background-size":"auto","background-attachment":"scroll","background-type":"","background-media":"","overlay-type":"","overlay-color":"","overlay-opacity":"","overlay-gradient":""}},"ast-content-background-meta":{"desktop":{"background-color":"var(--ast-global-color-5)","background-image":"","background-repeat":"repeat","background-position":"center center","background-size":"auto","background-attachment":"scroll","background-type":"","background-media":"","overlay-type":"","overlay-color":"","overlay-opacity":"","overlay-gradient":""},"tablet":{"background-color":"var(--ast-global-color-5)","background-image":"","background-repeat":"repeat","background-position":"center center","background-size":"auto","background-attachment":"scroll","background-type":"","background-media":"","overlay-type":"","overlay-color":"","overlay-opacity":"","overlay-gradient":""},"mobile":{"background-color":"var(--ast-global-color-5)","background-image":"","background-repeat":"repeat","background-position":"center center","background-size":"auto","background-attachment":"scroll","background-type":"","background-media":"","overlay-type":"","overlay-color":"","overlay-opacity":"","overlay-gradient":""}},"footnotes":""},"class_list":["post-146","page","type-page","status-publish","hentry"],"aioseo_notices":[],"_links":{"self":[{"href":"https:\/\/revertproject.org\/fr\/wp-json\/wp\/v2\/pages\/146","targetHints":{"allow":["GET"]}}],"collection":[{"href":"https:\/\/revertproject.org\/fr\/wp-json\/wp\/v2\/pages"}],"about":[{"href":"https:\/\/revertproject.org\/fr\/wp-json\/wp\/v2\/types\/page"}],"author":[{"embeddable":true,"href":"https:\/\/revertproject.org\/fr\/wp-json\/wp\/v2\/users\/1"}],"replies":[{"embeddable":true,"href":"https:\/\/revertproject.org\/fr\/wp-json\/wp\/v2\/comments?post=146"}],"version-history":[{"count":4,"href":"https:\/\/revertproject.org\/fr\/wp-json\/wp\/v2\/pages\/146\/revisions"}],"predecessor-version":[{"id":2332,"href":"https:\/\/revertproject.org\/fr\/wp-json\/wp\/v2\/pages\/146\/revisions\/2332"}],"wp:attachment":[{"href":"https:\/\/revertproject.org\/fr\/wp-json\/wp\/v2\/media?parent=146"}],"curies":[{"name":"wp","href":"https:\/\/api.w.org\/{rel}","templated":true}]}}